{"id":5160,"date":"2025-04-23T21:05:37","date_gmt":"2025-04-23T21:05:37","guid":{"rendered":"https:\/\/content-lead.com\/Lead\/?page_id=5160"},"modified":"2025-04-23T21:13:50","modified_gmt":"2025-04-23T21:13:50","slug":"accelerate-cloud-native-adoption-fr","status":"publish","type":"page","link":"https:\/\/content-lead.com\/Lead\/accelerate-cloud-native-adoption-fr\/","title":{"rendered":"Accelerate cloud-native adoption fr"},"content":{"rendered":"\t\t<div data-elementor-type=\"wp-page\" data-elementor-id=\"5160\" class=\"elementor elementor-5160\" data-elementor-post-type=\"page\">\n\t\t\t\t<div class=\"elementor-element elementor-element-4e417fb e-grid e-con-boxed e-con e-parent\" data-id=\"4e417fb\" data-element_type=\"container\" data-e-type=\"container\" data-settings=\"{&quot;background_background&quot;:&quot;classic&quot;}\">\n\t\t\t\t\t<div class=\"e-con-inner\">\n\t\t<div class=\"elementor-element elementor-element-a3b9c5c e-con-full e-flex e-con e-child\" data-id=\"a3b9c5c\" data-element_type=\"container\" data-e-type=\"container\">\n\t\t\t\t<div class=\"elementor-element elementor-element-5646e1b elementor-widget elementor-widget-image\" data-id=\"5646e1b\" data-element_type=\"widget\" data-e-type=\"widget\" data-widget_type=\"image.default\">\n\t\t\t\t<div class=\"elementor-widget-container\">\n\t\t\t\t\t\t\t\t\t\t\t\t\t\t\t<img decoding=\"async\" width=\"270\" height=\"74\" src=\"https:\/\/content-lead.com\/Lead\/wp-content\/uploads\/2025\/02\/Screenshot-2025-02-27-at-12.25.16\u202fAM.png\" class=\"attachment-full size-full wp-image-2347\" alt=\"\" \/>\t\t\t\t\t\t\t\t\t\t\t\t\t\t\t<\/div>\n\t\t\t\t<\/div>\n\t\t\t\t<\/div>\n\t\t<div class=\"elementor-element elementor-element-e810cc0 e-con-full e-flex e-con e-child\" data-id=\"e810cc0\" data-element_type=\"container\" data-e-type=\"container\">\n\t\t\t\t<div class=\"elementor-element elementor-element-bb14a5a elementor-widget elementor-widget-html\" data-id=\"bb14a5a\" data-element_type=\"widget\" data-e-type=\"widget\" data-widget_type=\"html.default\">\n\t\t\t\t<div class=\"elementor-widget-container\">\n\t\t\t\t\t\n    \n<style>\n\ninput {\n    border: 1px solid grey !important;\n    border-radius: 4px !important;\n    background-color: #000 !important;\n    color: #fff;\n}\nselect {\n    border: 1px solid grey !important;\n    border-radius: 4px !important;\n    background-color: #000 !important;\n    -webkit-appearance: none;\n    -moz-appearance: none;\n    appearance: none;\n    color: #fff;\n}\ninput#gform_submit_button_394 {\n    background-color: #ec0001 !important;\n    font-weight: 600;\n    font-family: sans-serif;\n    border-radius: 0px !important;\n    color:#fff;\n    border: none!important;\n    font-size: 18px;\n    padding: 10px 20px;\n    width: 100%;\n    \n    \n \n}\n\n.form-box{\n    border-radius: 8px;\n    background: #000000;\n    color: black;\n    padding: 25px;\n    border: 1px Solid #fff;\n\n}\n.gform_wrapper.gravity-theme .gfield_label {\n    font-weight: 500;\n}\n\nlabel{\n\tfont-family:Rubik, sans-serif;\n\tline-height: 1.5;\n\tcolor: #fff;\n}\n\nbody{\n   font-family:Rubik, sans-serif; \n}\n.gform_wrapper.gravity-theme #field_submit, .gform_wrapper.gravity-theme .gform_footer {\n    display: block;\n    text-align: center;\n}\n<\/style>\n    \n    \n    \n    \n\t\t\t\t<\/div>\n\t\t\t\t<\/div>\n\t\t\t\t<\/div>\n\t\t<div class=\"elementor-element elementor-element-87f5b42 e-con-full e-flex e-con e-child\" data-id=\"87f5b42\" data-element_type=\"container\" data-e-type=\"container\">\n\t\t\t\t<\/div>\n\t\t\t\t\t<\/div>\n\t\t\t\t<\/div>\n\t\t<div class=\"elementor-element elementor-element-0d99711 e-flex e-con-boxed e-con e-parent\" data-id=\"0d99711\" data-element_type=\"container\" data-e-type=\"container\" data-settings=\"{&quot;background_background&quot;:&quot;classic&quot;}\">\n\t\t\t\t\t<div class=\"e-con-inner\">\n\t\t<div class=\"elementor-element elementor-element-83695e6 e-con-full e-flex e-con e-child\" data-id=\"83695e6\" data-element_type=\"container\" data-e-type=\"container\">\n\t\t\t\t<div class=\"elementor-element elementor-element-115424c elementor-widget elementor-widget-heading\" data-id=\"115424c\" data-element_type=\"widget\" data-e-type=\"widget\" data-widget_type=\"heading.default\">\n\t\t\t\t<div class=\"elementor-widget-container\">\n\t\t\t\t\t<h2 class=\"elementor-heading-title elementor-size-default\">Acc\u00e9l\u00e9rez l'adoption du mod\u00e8le cloud-native<\/h2>\t\t\t\t<\/div>\n\t\t\t\t<\/div>\n\t\t\t\t<div class=\"elementor-element elementor-element-c7c1295 elementor-widget elementor-widget-image\" data-id=\"c7c1295\" data-element_type=\"widget\" data-e-type=\"widget\" data-widget_type=\"image.default\">\n\t\t\t\t<div class=\"elementor-widget-container\">\n\t\t\t\t\t\t\t\t\t\t\t\t\t\t\t<img fetchpriority=\"high\" decoding=\"async\" width=\"786\" height=\"1118\" src=\"https:\/\/content-lead.com\/Lead\/wp-content\/uploads\/2025\/04\/Screenshot-2025-04-24-at-2.34.54\u202fAM.png\" class=\"attachment-full size-full wp-image-5162\" alt=\"\" srcset=\"https:\/\/content-lead.com\/Lead\/wp-content\/uploads\/2025\/04\/Screenshot-2025-04-24-at-2.34.54\u202fAM.png 786w, https:\/\/content-lead.com\/Lead\/wp-content\/uploads\/2025\/04\/Screenshot-2025-04-24-at-2.34.54\u202fAM-211x300.png 211w, https:\/\/content-lead.com\/Lead\/wp-content\/uploads\/2025\/04\/Screenshot-2025-04-24-at-2.34.54\u202fAM-720x1024.png 720w\" sizes=\"(max-width: 786px) 100vw, 786px\" \/>\t\t\t\t\t\t\t\t\t\t\t\t\t\t\t<\/div>\n\t\t\t\t<\/div>\n\t\t\t\t<div class=\"elementor-element elementor-element-a488580 elementor-widget elementor-widget-text-editor\" data-id=\"a488580\" data-element_type=\"widget\" data-e-type=\"widget\" data-widget_type=\"text-editor.default\">\n\t\t\t\t<div class=\"elementor-widget-container\">\n\t\t\t\t\t\t\t\t\tCe livre num\u00e9rique pr\u00e9sente 8 conseils \u00e0 suivre pour adopter une approche cloud-native du d\u00e9veloppement et de la distribution d&#8217;applications, et explique comment les plateformes Red Hat peuvent vous aider.\t\t\t\t\t\t\t\t<\/div>\n\t\t\t\t<\/div>\n\t\t\t\t<\/div>\n\t\t<div class=\"elementor-element elementor-element-152b453 e-con-full form-box e-flex e-con e-child\" data-id=\"152b453\" data-element_type=\"container\" data-e-type=\"container\">\n\t\t\t\t<div class=\"elementor-element elementor-element-df995d0 elementor-widget elementor-widget-text-editor\" data-id=\"df995d0\" data-element_type=\"widget\" data-e-type=\"widget\" data-widget_type=\"text-editor.default\">\n\t\t\t\t<div class=\"elementor-widget-container\">\n\t\t\t\t\t\t\t\t\tVeuillez remplir le formulaire pour\nt\u00e9l\u00e9charger\t\t\t\t\t\t\t\t<\/div>\n\t\t\t\t<\/div>\n\t\t\t\t<div class=\"elementor-element elementor-element-f77a239 elementor-widget elementor-widget-html\" data-id=\"f77a239\" data-element_type=\"widget\" data-e-type=\"widget\" data-widget_type=\"html.default\">\n\t\t\t\t<div class=\"elementor-widget-container\">\n\t\t\t\t\t<script type=\"text\/javascript\">var gform;gform||(document.addEventListener(\"gform_main_scripts_loaded\",function(){gform.scriptsLoaded=!0}),window.addEventListener(\"DOMContentLoaded\",function(){gform.domLoaded=!0}),gform={domLoaded:!1,scriptsLoaded:!1,initializeOnLoaded:function(o){gform.domLoaded&&gform.scriptsLoaded?o():!gform.domLoaded&&gform.scriptsLoaded?window.addEventListener(\"DOMContentLoaded\",o):document.addEventListener(\"gform_main_scripts_loaded\",o)},hooks:{action:{},filter:{}},addAction:function(o,n,r,t){gform.addHook(\"action\",o,n,r,t)},addFilter:function(o,n,r,t){gform.addHook(\"filter\",o,n,r,t)},doAction:function(o){gform.doHook(\"action\",o,arguments)},applyFilters:function(o){return gform.doHook(\"filter\",o,arguments)},removeAction:function(o,n){gform.removeHook(\"action\",o,n)},removeFilter:function(o,n,r){gform.removeHook(\"filter\",o,n,r)},addHook:function(o,n,r,t,i){null==gform.hooks[o][n]&&(gform.hooks[o][n]=[]);var e=gform.hooks[o][n];null==i&&(i=n+\"_\"+e.length),gform.hooks[o][n].push({tag:i,callable:r,priority:t=null==t?10:t})},doHook:function(n,o,r){var t;if(r=Array.prototype.slice.call(r,1),null!=gform.hooks[n][o]&&((o=gform.hooks[n][o]).sort(function(o,n){return o.priority-n.priority}),o.forEach(function(o){\"function\"!=typeof(t=o.callable)&&(t=window[t]),\"action\"==n?t.apply(null,r):r[0]=t.apply(null,r)})),\"filter\"==n)return r[0]},removeHook:function(o,n,t,i){var r;null!=gform.hooks[o][n]&&(r=(r=gform.hooks[o][n]).filter(function(o,n,r){return!!(null!=i&&i!=o.tag||null!=t&&t!=o.priority)}),gform.hooks[o][n]=r)}});<\/script>\n                <div class='gf_browser_gecko gform_wrapper gravity-theme' id='gform_wrapper_394' style='display:none'>\n                        <div class='gform_heading'>\n                            <span class='gform_description'><\/span>\n                        <\/div><form method='post' enctype='multipart\/form-data'  id='gform_394'  action='\/Lead\/wp-json\/wp\/v2\/pages\/5160' novalidate>\n                        <div class='gform_body gform-body'><div id='gform_fields_394' class='gform_fields top_label form_sublabel_below description_below'><div id=\"field_394_1\"  class=\"gfield gfield--width-full gfield_contains_required field_sublabel_below field_description_below gfield_visibility_visible\"  data-js-reload=\"field_394_1\"><label class='gfield_label' for='input_394_1' >Pr\u00e9nom<span class=\"gfield_required\"><span class=\"gfield_required gfield_required_text\">*<\/span><\/span><\/label><div class='ginput_container ginput_container_text'><input name='input_1' id='input_394_1' type='text' value='' class='large'     aria-required=\"true\" aria-invalid=\"false\"   \/> <\/div><\/div><div id=\"field_394_3\"  class=\"gfield gfield--width-full gfield_contains_required field_sublabel_below field_description_below gfield_visibility_visible\"  data-js-reload=\"field_394_3\"><label class='gfield_label' for='input_394_3' >Nom de famill<span class=\"gfield_required\"><span class=\"gfield_required gfield_required_text\">*<\/span><\/span><\/label><div class='ginput_container ginput_container_text'><input name='input_3' id='input_394_3' type='text' value='' class='large'     aria-required=\"true\" aria-invalid=\"false\"   \/> <\/div><\/div><div id=\"field_394_4\"  class=\"gfield gfield--width-full gfield_contains_required field_sublabel_below field_description_below gfield_visibility_visible\"  data-js-reload=\"field_394_4\"><label class='gfield_label' for='input_394_4' >Courriel professionnel<span class=\"gfield_required\"><span class=\"gfield_required gfield_required_text\">*<\/span><\/span><\/label><div class='ginput_container ginput_container_email'>\n                            <input name='input_4' id='input_394_4' type='email' value='' class='large'    aria-required=\"true\" aria-invalid=\"false\"  \/>\n                        <\/div><\/div><div id=\"field_394_24\"  class=\"gfield gfield--width-full gfield_contains_required field_sublabel_below field_description_below gfield_visibility_visible\"  data-js-reload=\"field_394_24\"><label class='gfield_label' for='input_394_24' >Titre d&#039;emploi<span class=\"gfield_required\"><span class=\"gfield_required gfield_required_text\">*<\/span><\/span><\/label><div class='ginput_container ginput_container_text'><input name='input_24' id='input_394_24' type='text' value='' class='large'     aria-required=\"true\" aria-invalid=\"false\"   \/> <\/div><\/div><div id=\"field_394_17\"  class=\"gfield gfield--width-full gfield_contains_required field_sublabel_below field_description_below gfield_visibility_visible\"  data-js-reload=\"field_394_17\"><label class='gfield_label' for='input_394_17' >Nom de l&#039;entreprise<span class=\"gfield_required\"><span class=\"gfield_required gfield_required_text\">*<\/span><\/span><\/label><div class='ginput_container ginput_container_text'><input name='input_17' id='input_394_17' type='text' value='' class='large'     aria-required=\"true\" aria-invalid=\"false\"   \/> <\/div><\/div><div id=\"field_394_8\"  class=\"gfield gfield--width-full gfield_contains_required field_sublabel_below field_description_below gfield_visibility_visible\"  data-js-reload=\"field_394_8\"><label class='gfield_label' for='input_394_8' >Pays<span class=\"gfield_required\"><span class=\"gfield_required gfield_required_text\">*<\/span><\/span><\/label><div class='ginput_container ginput_container_select'><select name='input_8' id='input_394_8' class='large gfield_select'    aria-required=\"true\" aria-invalid=\"false\" ><option value='' selected='selected' class='gf_placeholder'>s\u00e9lectionner<\/option><option value='France' >France<\/option><\/select><\/div><\/div><fieldset id=\"field_394_16\"  class=\"gfield gfield--width-full field_sublabel_below field_description_below hidden_label gfield_visibility_visible\"  data-js-reload=\"field_394_16\"><legend class='gfield_label gfield_label_before_complex'  >consent<\/legend><div class='ginput_container ginput_container_checkbox'><div class='gfield_checkbox' id='input_394_16'><div class='gchoice gchoice_394_16_1'>\n\t\t\t\t\t\t\t\t<input class='gfield-choice-input' name='input_16.1' type='checkbox'  value='Red Hat peut utiliser vos donn\u00e9es personnelles pour vous informer sur ses produits, services et \u00e9v\u00e9nements. &lt;a href=&quot;https:\/\/www.redhat.com\/en\/preferences&quot; style=&quot;color:#82baf0&quot;&gt;&lt;u&gt;Vous pouvez retirer votre consentement \u00e0 tout moment&lt;\/u&gt;&lt;\/a&gt; (consulter &lt;a href=&quot;https:\/\/www.redhat.com\/en\/about\/privacy-policy&quot; style=&quot;color:#82baf0&quot;&gt;&lt;u&gt;la d\u00e9claration de confidentialit\u00e9&lt;\/u&gt;&lt;\/a&gt; pour plus de d\u00e9tails).'  id='choice_394_16_1'   \/>\n\t\t\t\t\t\t\t\t<label for='choice_394_16_1' id='label_394_16_1'>Red Hat peut utiliser vos donn\u00e9es personnelles pour vous informer sur ses produits, services et \u00e9v\u00e9nements. <a href=\"https:\/\/www.redhat.com\/en\/preferences\" style=\"color:#82baf0;\"><u>Vous pouvez retirer votre consentement \u00e0 tout moment<\/u><\/a> (consulter <a href=\"https:\/\/www.redhat.com\/en\/about\/privacy-policy\" style=\"color:#82baf0;\"><u>la d\u00e9claration de confidentialit\u00e9<\/u><\/a> pour plus de d\u00e9tails).<\/label>\n\t\t\t\t\t\t\t<\/div><\/div><\/div><\/fieldset><\/div><\/div>\n        <div class='gform_footer top_label'> <input type='submit' id='gform_submit_button_394' class='gform_button button' value='T\u00e9l\u00e9charger'  onclick='if(window[\"gf_submitting_394\"]){return false;}  if( !jQuery(\"#gform_394\")[0].checkValidity || jQuery(\"#gform_394\")[0].checkValidity()){window[\"gf_submitting_394\"]=true;}  ' onkeypress='if( event.keyCode == 13 ){ if(window[\"gf_submitting_394\"]){return false;} if( !jQuery(\"#gform_394\")[0].checkValidity || jQuery(\"#gform_394\")[0].checkValidity()){window[\"gf_submitting_394\"]=true;}  jQuery(\"#gform_394\").trigger(\"submit\",[true]); }' \/> \n            <input type='hidden' class='gform_hidden' name='is_submit_394' value='1' \/>\n            <input type='hidden' class='gform_hidden' name='gform_submit' value='394' \/>\n            \n            <input type='hidden' class='gform_hidden' name='gform_unique_id' value='' \/>\n            <input type='hidden' class='gform_hidden' name='state_394' value='WyJbXSIsIjJiYWUwYzZhNjk2MDRhODNjMmUzMWJhMWI4NmQ5MTNjIl0=' \/>\n            <input type='hidden' class='gform_hidden' name='gform_target_page_number_394' id='gform_target_page_number_394' value='0' \/>\n            <input type='hidden' class='gform_hidden' name='gform_source_page_number_394' id='gform_source_page_number_394' value='1' \/>\n            <input type='hidden' name='gform_field_values' value='' \/>\n            \n        <\/div>\n                        <\/form>\n                        <\/div>\t\t\t\t<\/div>\n\t\t\t\t<\/div>\n\t\t\t\t<\/div>\n\t\t\t\t\t<\/div>\n\t\t\t\t<\/div>\n\t\t<div class=\"elementor-element elementor-element-7d4a51b e-flex e-con-boxed e-con e-parent\" data-id=\"7d4a51b\" data-element_type=\"container\" data-e-type=\"container\" data-settings=\"{&quot;background_background&quot;:&quot;classic&quot;}\">\n\t\t\t\t\t<div class=\"e-con-inner\">\n\t\t\t\t<div class=\"elementor-element elementor-element-1b550f6 elementor-widget elementor-widget-text-editor\" data-id=\"1b550f6\" data-element_type=\"widget\" data-e-type=\"widget\" data-widget_type=\"text-editor.default\">\n\t\t\t\t<div class=\"elementor-widget-container\">\n\t\t\t\t\t\t\t\t\t<p>Copyright \u00a9 2025 Content Lead, All Rights Reserved.<\/p>\t\t\t\t\t\t\t\t<\/div>\n\t\t\t\t<\/div>\n\t\t\t\t\t<\/div>\n\t\t\t\t<\/div>\n\t\t\t\t<\/div>\n\t\t","protected":false},"excerpt":{"rendered":"<p>Acc\u00e9l\u00e9rez l&#8217;adoption du mod\u00e8le cloud-native Ce livre num\u00e9rique pr\u00e9sente 8 conseils \u00e0 suivre pour adopter une approche cloud-native du d\u00e9veloppement et de la distribution d&#8217;applications, et explique comment les plateformes Red Hat peuvent vous aider.Veuillez remplir le formulaire pour t\u00e9l\u00e9charger Copyright \u00a9 2025 Content Lead, All Rights Reserved.<\/p>\n","protected":false},"author":1,"featured_media":0,"parent":0,"menu_order":0,"comment_status":"closed","ping_status":"closed","template":"","meta":{"_acf_changed":false,"footnotes":""},"language":[],"class_list":["post-5160","page","type-page","status-publish","hentry"],"acf":[],"_links":{"self":[{"href":"https:\/\/content-lead.com\/Lead\/wp-json\/wp\/v2\/pages\/5160","targetHints":{"allow":["GET"]}}],"collection":[{"href":"https:\/\/content-lead.com\/Lead\/wp-json\/wp\/v2\/pages"}],"about":[{"href":"https:\/\/content-lead.com\/Lead\/wp-json\/wp\/v2\/types\/page"}],"author":[{"embeddable":true,"href":"https:\/\/content-lead.com\/Lead\/wp-json\/wp\/v2\/users\/1"}],"replies":[{"embeddable":true,"href":"https:\/\/content-lead.com\/Lead\/wp-json\/wp\/v2\/comments?post=5160"}],"version-history":[{"count":4,"href":"https:\/\/content-lead.com\/Lead\/wp-json\/wp\/v2\/pages\/5160\/revisions"}],"predecessor-version":[{"id":5166,"href":"https:\/\/content-lead.com\/Lead\/wp-json\/wp\/v2\/pages\/5160\/revisions\/5166"}],"wp:attachment":[{"href":"https:\/\/content-lead.com\/Lead\/wp-json\/wp\/v2\/media?parent=5160"}],"wp:term":[{"taxonomy":"language","embeddable":true,"href":"https:\/\/content-lead.com\/Lead\/wp-json\/wp\/v2\/language?post=5160"}],"curies":[{"name":"wp","href":"https:\/\/api.w.org\/{rel}","templated":true}]}}