{"id":401,"date":"2025-01-06T13:47:50","date_gmt":"2025-01-06T13:47:50","guid":{"rendered":"https:\/\/content-lead.com\/Lead\/?page_id=401"},"modified":"2025-01-06T14:32:31","modified_gmt":"2025-01-06T14:32:31","slug":"22-ways-to-automate-work-in-slack-fr","status":"publish","type":"page","link":"https:\/\/content-lead.com\/Lead\/22-ways-to-automate-work-in-slack-fr\/","title":{"rendered":"22 Ways to Automate Work in Slack"},"content":{"rendered":"\t\t<div data-elementor-type=\"wp-page\" data-elementor-id=\"401\" class=\"elementor elementor-401\" data-elementor-post-type=\"page\">\n\t\t\t\t<div class=\"elementor-element elementor-element-4e417fb e-flex e-con-boxed e-con e-parent\" data-id=\"4e417fb\" data-element_type=\"container\" data-e-type=\"container\" data-settings=\"{&quot;background_background&quot;:&quot;classic&quot;}\">\n\t\t\t\t\t<div class=\"e-con-inner\">\n\t\t<div class=\"elementor-element elementor-element-a3b9c5c e-con-full e-flex e-con e-child\" data-id=\"a3b9c5c\" data-element_type=\"container\" data-e-type=\"container\">\n\t\t\t\t<div class=\"elementor-element elementor-element-5646e1b elementor-widget elementor-widget-image\" data-id=\"5646e1b\" data-element_type=\"widget\" data-e-type=\"widget\" data-widget_type=\"image.default\">\n\t\t\t\t<div class=\"elementor-widget-container\">\n\t\t\t\t\t\t\t\t\t\t\t\t\t\t\t<img fetchpriority=\"high\" decoding=\"async\" width=\"514\" height=\"200\" src=\"https:\/\/content-lead.com\/Lead\/wp-content\/uploads\/2025\/01\/Slack-sales.webp\" class=\"attachment-full size-full wp-image-405\" alt=\"\" srcset=\"https:\/\/content-lead.com\/Lead\/wp-content\/uploads\/2025\/01\/Slack-sales.webp 514w, https:\/\/content-lead.com\/Lead\/wp-content\/uploads\/2025\/01\/Slack-sales-300x117.webp 300w\" sizes=\"(max-width: 514px) 100vw, 514px\" \/>\t\t\t\t\t\t\t\t\t\t\t\t\t\t\t<\/div>\n\t\t\t\t<\/div>\n\t\t\t\t<\/div>\n\t\t<div class=\"elementor-element elementor-element-e810cc0 e-con-full e-flex e-con e-child\" data-id=\"e810cc0\" data-element_type=\"container\" data-e-type=\"container\">\n\t\t\t\t<div class=\"elementor-element elementor-element-bb14a5a elementor-widget elementor-widget-html\" data-id=\"bb14a5a\" data-element_type=\"widget\" data-e-type=\"widget\" data-widget_type=\"html.default\">\n\t\t\t\t<div class=\"elementor-widget-container\">\n\t\t\t\t\t\n    \n<style>\n\ninput {\n    border: 1px solid grey !important;\n    border-radius: 0px !important;\n    background-color: #fff !important;\n}\nselect {\n    border: 1px solid grey !important;\n    border-radius: 0px !important;\n    background-color: #ffffff !important;\n    -webkit-appearance: none;\n    -moz-appearance: none;\n    appearance: none;\n}\ninput#gform_submit_button_21{\n    background-color: #611E68 !important;\n    font-weight: 600;\n    font-family: sans-serif;\n    border-radius: 22px !important;\n    color:#fff;\n    border: none!important;\n    font-size: 18px;\n    padding: 10px 20px;\n    width: 100%;\n \n}\n\n.form-box{\n    border-radius: 12px;\n    background: #fff;\n    color: black;\n    padding: 25px;\n    border: 1px solid ;\n\n}\n.gform_wrapper.gravity-theme .gfield_label {\n    font-weight: 500;\n}\n\nlabel{\n\tfont-family:rubik;\n\tline-height: 1.5;\n}\n.gform_wrapper.gravity-theme #field_submit, .gform_wrapper.gravity-theme .gform_footer {\n    display: block;\n    text-align: center;\n}\n<\/style>\n    \n    \n    \n    \n\t\t\t\t<\/div>\n\t\t\t\t<\/div>\n\t\t\t\t<\/div>\n\t\t\t\t\t<\/div>\n\t\t\t\t<\/div>\n\t\t<div class=\"elementor-element elementor-element-110d735 e-flex e-con-boxed e-con e-parent\" data-id=\"110d735\" data-element_type=\"container\" data-e-type=\"container\" data-settings=\"{&quot;background_background&quot;:&quot;classic&quot;}\">\n\t\t\t\t\t<div class=\"e-con-inner\">\n\t\t\t\t<div class=\"elementor-element elementor-element-115424c elementor-widget elementor-widget-heading\" data-id=\"115424c\" data-element_type=\"widget\" data-e-type=\"widget\" data-widget_type=\"heading.default\">\n\t\t\t\t<div class=\"elementor-widget-container\">\n\t\t\t\t\t<h2 class=\"elementor-heading-title elementor-size-default\">22 fa\u00e7ons d'automatiser le travail dans Slack\n\n\n\n\n\n\n\n\n\n\n<\/h2>\t\t\t\t<\/div>\n\t\t\t\t<\/div>\n\t\t\t\t\t<\/div>\n\t\t\t\t<\/div>\n\t\t<div class=\"elementor-element elementor-element-0d99711 e-flex e-con-boxed e-con e-parent\" data-id=\"0d99711\" data-element_type=\"container\" data-e-type=\"container\">\n\t\t\t\t\t<div class=\"e-con-inner\">\n\t\t<div class=\"elementor-element elementor-element-83695e6 e-con-full e-flex e-con e-child\" data-id=\"83695e6\" data-element_type=\"container\" data-e-type=\"container\">\n\t\t\t\t<div class=\"elementor-element elementor-element-c7c1295 elementor-widget elementor-widget-image\" data-id=\"c7c1295\" data-element_type=\"widget\" data-e-type=\"widget\" data-widget_type=\"image.default\">\n\t\t\t\t<div class=\"elementor-widget-container\">\n\t\t\t\t\t\t\t\t\t\t\t\t\t\t\t<img decoding=\"async\" width=\"888\" height=\"666\" src=\"https:\/\/content-lead.com\/Lead\/wp-content\/uploads\/2025\/01\/Screenshot-2025-01-06-at-7.24.39\u202fPM.png\" class=\"attachment-full size-full wp-image-406\" alt=\"\" srcset=\"https:\/\/content-lead.com\/Lead\/wp-content\/uploads\/2025\/01\/Screenshot-2025-01-06-at-7.24.39\u202fPM.png 888w, https:\/\/content-lead.com\/Lead\/wp-content\/uploads\/2025\/01\/Screenshot-2025-01-06-at-7.24.39\u202fPM-300x225.png 300w, https:\/\/content-lead.com\/Lead\/wp-content\/uploads\/2025\/01\/Screenshot-2025-01-06-at-7.24.39\u202fPM-768x576.png 768w\" sizes=\"(max-width: 888px) 100vw, 888px\" \/>\t\t\t\t\t\t\t\t\t\t\t\t\t\t\t<\/div>\n\t\t\t\t<\/div>\n\t\t\t\t<div class=\"elementor-element elementor-element-d5a894e elementor-widget elementor-widget-text-editor\" data-id=\"d5a894e\" data-element_type=\"widget\" data-e-type=\"widget\" data-widget_type=\"text-editor.default\">\n\t\t\t\t<div class=\"elementor-widget-container\">\n\t\t\t\t\t\t\t\t\tSi vous vous demandez comment \u00eatre plus productif en travaillant moins, ce guide est fait pour vous Vous y trouverez une description compl\u00e8te de la fa\u00e7on dont nos clients exploitent l&#8217;automatisation afin d&#8217;atteindre leurs objectifs.\n\t\t\t\t\t\t\t\t<\/div>\n\t\t\t\t<\/div>\n\t\t\t\t<div class=\"elementor-element elementor-element-bf28267 elementor-widget elementor-widget-text-editor\" data-id=\"bf28267\" data-element_type=\"widget\" data-e-type=\"widget\" data-widget_type=\"text-editor.default\">\n\t\t\t\t<div class=\"elementor-widget-container\">\n\t\t\t\t\t\t\t\t\t<p>Le <span style=\"text-decoration: underline;\"><a style=\"color: blue; text-decoration: underline;\" href=\"https:\/\/slack.com\/intl\/fr-fr\/features\/workflow-automation\">g\u00e9n\u00e9rateur de flux de travail<\/a><\/span> de Slack est un outil sans code q ui vous permet de rationaliser les processus, d\u2019\u00e9liminer les erreurs manuelles, de r\u00e9duire les changements d\u2019environnement et de lib\u00e9rer un capital humain pr\u00e9cieux pour vous concentrer sur ce qui compte vraiment : l\u2019innovation et la croissance.<\/p>\t\t\t\t\t\t\t\t<\/div>\n\t\t\t\t<\/div>\n\t\t\t\t<div class=\"elementor-element elementor-element-fdcc943 elementor-widget elementor-widget-text-editor\" data-id=\"fdcc943\" data-element_type=\"widget\" data-e-type=\"widget\" data-widget_type=\"text-editor.default\">\n\t\t\t\t<div class=\"elementor-widget-container\">\n\t\t\t\t\t\t\t\t\tPr\u00e8s d&#8217;un million d&#8217;utilisateurs ont cr\u00e9\u00e9 des flux de travail qui leur permettent de gagner du temps et d&#8217;automatiser sans avoir \u00e0 r\u00e9diger ne serait-ce qu&#8217;une seule ligne de code:\n\t\t\t\t\t\t\t\t<\/div>\n\t\t\t\t<\/div>\n\t\t\t\t<div class=\"elementor-element elementor-element-9a2cb5d elementor-widget elementor-widget-text-editor\" data-id=\"9a2cb5d\" data-element_type=\"widget\" data-e-type=\"widget\" data-widget_type=\"text-editor.default\">\n\t\t\t\t<div class=\"elementor-widget-container\">\n\t\t\t\t\t\t\t\t\t<ul>\n<li>L&#8217;\u00e9quipe des op\u00e9rations r\u00e9seau de Sony Interactive Entertainment \u00e9conomise 400 heures par an gr\u00e2ce au g\u00e9n\u00e9rateur de flux de travail<\/li>\n<li>Credit Union 1 a renforc\u00e9 son efficacit\u00e9 de 20% gr\u00e2ce \u00e0 un flux de travail qui automatise les transferts de clients<\/li>\n<li>L&#8217;\u00e9quipe financi\u00e8re de Canva \u00e9conomise pr\u00e8s de 64 heures par semaine gr\u00e2ce \u00e0 des points d&#8217;\u00e9quipe asynchronesLe g\u00e9n\u00e9rateur de flux de travail est un outil que toute personne, peu importe ses comp\u00e9tences techniques, peut d\u00e9ployer en seulement quelques clics.<\/li>\n<\/ul>\t\t\t\t\t\t\t\t<\/div>\n\t\t\t\t<\/div>\n\t\t\t\t<\/div>\n\t\t<div class=\"elementor-element elementor-element-152b453 e-con-full form-box e-flex e-con e-child\" data-id=\"152b453\" data-element_type=\"container\" data-e-type=\"container\">\n\t\t\t\t<div class=\"elementor-element elementor-element-4d34f4a elementor-widget elementor-widget-heading\" data-id=\"4d34f4a\" data-element_type=\"widget\" data-e-type=\"widget\" data-widget_type=\"heading.default\">\n\t\t\t\t<div class=\"elementor-widget-container\">\n\t\t\t\t\t<h2 class=\"elementor-heading-title elementor-size-default\">E-book gratuit\n<\/h2>\t\t\t\t<\/div>\n\t\t\t\t<\/div>\n\t\t\t\t<div class=\"elementor-element elementor-element-f77a239 elementor-widget elementor-widget-html\" data-id=\"f77a239\" data-element_type=\"widget\" data-e-type=\"widget\" data-widget_type=\"html.default\">\n\t\t\t\t<div class=\"elementor-widget-container\">\n\t\t\t\t\t<script type=\"text\/javascript\">var gform;gform||(document.addEventListener(\"gform_main_scripts_loaded\",function(){gform.scriptsLoaded=!0}),window.addEventListener(\"DOMContentLoaded\",function(){gform.domLoaded=!0}),gform={domLoaded:!1,scriptsLoaded:!1,initializeOnLoaded:function(o){gform.domLoaded&&gform.scriptsLoaded?o():!gform.domLoaded&&gform.scriptsLoaded?window.addEventListener(\"DOMContentLoaded\",o):document.addEventListener(\"gform_main_scripts_loaded\",o)},hooks:{action:{},filter:{}},addAction:function(o,n,r,t){gform.addHook(\"action\",o,n,r,t)},addFilter:function(o,n,r,t){gform.addHook(\"filter\",o,n,r,t)},doAction:function(o){gform.doHook(\"action\",o,arguments)},applyFilters:function(o){return gform.doHook(\"filter\",o,arguments)},removeAction:function(o,n){gform.removeHook(\"action\",o,n)},removeFilter:function(o,n,r){gform.removeHook(\"filter\",o,n,r)},addHook:function(o,n,r,t,i){null==gform.hooks[o][n]&&(gform.hooks[o][n]=[]);var e=gform.hooks[o][n];null==i&&(i=n+\"_\"+e.length),gform.hooks[o][n].push({tag:i,callable:r,priority:t=null==t?10:t})},doHook:function(n,o,r){var t;if(r=Array.prototype.slice.call(r,1),null!=gform.hooks[n][o]&&((o=gform.hooks[n][o]).sort(function(o,n){return o.priority-n.priority}),o.forEach(function(o){\"function\"!=typeof(t=o.callable)&&(t=window[t]),\"action\"==n?t.apply(null,r):r[0]=t.apply(null,r)})),\"filter\"==n)return r[0]},removeHook:function(o,n,t,i){var r;null!=gform.hooks[o][n]&&(r=(r=gform.hooks[o][n]).filter(function(o,n,r){return!!(null!=i&&i!=o.tag||null!=t&&t!=o.priority)}),gform.hooks[o][n]=r)}});<\/script>\n                <div class='gf_browser_gecko gform_wrapper gravity-theme' id='gform_wrapper_21' >\n                        <div class='gform_heading'>\n                            <span class='gform_description'><\/span>\n                        <\/div><form method='post' enctype='multipart\/form-data'  id='gform_21'  action='\/Lead\/wp-json\/wp\/v2\/pages\/401' novalidate>\n                        <div class='gform_body gform-body'><div id='gform_fields_21' class='gform_fields top_label form_sublabel_below description_below'><div id=\"field_21_1\"  class=\"gfield gf_left_half gfield--width-half gfield_contains_required field_sublabel_below field_description_below gfield_visibility_visible\"  data-js-reload=\"field_21_1\"><label class='gfield_label' for='input_21_1' >Pr\u00e9nom<span class=\"gfield_required\"><span class=\"gfield_required gfield_required_text\">*<\/span><\/span><\/label><div class='ginput_container ginput_container_text'><input name='input_1' id='input_21_1' type='text' value='' class='large'     aria-required=\"true\" aria-invalid=\"false\"   \/> <\/div><\/div><div id=\"field_21_3\"  class=\"gfield gfield--width-full gf_right_half gfield--width-half gfield_contains_required field_sublabel_below field_description_below gfield_visibility_visible\"  data-js-reload=\"field_21_3\"><label class='gfield_label' for='input_21_3' >Nom de famille<span class=\"gfield_required\"><span class=\"gfield_required gfield_required_text\">*<\/span><\/span><\/label><div class='ginput_container ginput_container_text'><input name='input_3' id='input_21_3' type='text' value='' class='large'     aria-required=\"true\" aria-invalid=\"false\"   \/> <\/div><\/div><div id=\"field_21_4\"  class=\"gfield gfield--width-full gfield_contains_required field_sublabel_below field_description_below gfield_visibility_visible\"  data-js-reload=\"field_21_4\"><label class='gfield_label' for='input_21_4' >Adresse e-mail professionnelle<span class=\"gfield_required\"><span class=\"gfield_required gfield_required_text\">*<\/span><\/span><\/label><div class='ginput_container ginput_container_email'>\n                            <input name='input_4' id='input_21_4' type='email' value='' class='large'    aria-required=\"true\" aria-invalid=\"false\"  \/>\n                        <\/div><\/div><div id=\"field_21_38\"  class=\"gfield gfield--width-full gfield_contains_required field_sublabel_below field_description_below gfield_visibility_visible\"  data-js-reload=\"field_21_38\"><label class='gfield_label' for='input_21_38' >Num\u00e9ro de t\u00e9l\u00e9phone<span class=\"gfield_required\"><span class=\"gfield_required gfield_required_text\">*<\/span><\/span><\/label><div class='ginput_container ginput_container_phone'><input name='input_38' id='input_21_38' type='tel' value='' class='large'   aria-required=\"true\" aria-invalid=\"false\"   \/><\/div><\/div><div id=\"field_21_17\"  class=\"gfield gfield--width-full gf_left_half gfield--width-half gfield_contains_required field_sublabel_below field_description_below gfield_visibility_visible\"  data-js-reload=\"field_21_17\"><label class='gfield_label' for='input_21_17' >Entreprise<span class=\"gfield_required\"><span class=\"gfield_required gfield_required_text\">*<\/span><\/span><\/label><div class='ginput_container ginput_container_text'><input name='input_17' id='input_21_17' type='text' value='' class='large'     aria-required=\"true\" aria-invalid=\"false\"   \/> <\/div><\/div><div id=\"field_21_52\"  class=\"gfield gfield--width-full gf_right_half gfield--width-half gfield_contains_required field_sublabel_below field_description_below gfield_visibility_visible\"  data-js-reload=\"field_21_52\"><label class='gfield_label' for='input_21_52' >Taille de l\u2019entreprise<span class=\"gfield_required\"><span class=\"gfield_required gfield_required_text\">*<\/span><\/span><\/label><div class='ginput_container ginput_container_select'><select name='input_52' id='input_21_52' class='large gfield_select'    aria-required=\"true\" aria-invalid=\"false\" ><option value='' selected='selected' class='gf_placeholder'>S\u00e9lect<\/option><option value='1 - 20' >1 - 20<\/option><option value='21 - 45' >21 - 45<\/option><option value='46 - 200' >46 - 200<\/option><option value='201 - 1,000' >201 - 1,000<\/option><option value='1,001 - 4,500' >1,001 - 4,500<\/option><option value='4,501 - 10,000' >4,501 - 10,000<\/option><option value='10001+' >10001+<\/option><\/select><\/div><\/div><div id=\"field_21_42\"  class=\"gfield gfield--width-full gf_left_half gfield--width-half gfield_contains_required field_sublabel_below field_description_below gfield_visibility_visible\"  data-js-reload=\"field_21_42\"><label class='gfield_label' for='input_21_42' >Titre d&#039;emploi<span class=\"gfield_required\"><span class=\"gfield_required gfield_required_text\">*<\/span><\/span><\/label><div class='ginput_container ginput_container_text'><input name='input_42' id='input_21_42' type='text' value='' class='large'     aria-required=\"true\" aria-invalid=\"false\"   \/> <\/div><\/div><div id=\"field_21_53\"  class=\"gfield gfield--width-full gf_right_half gfield--width-half gfield_contains_required field_sublabel_below field_description_below gfield_visibility_visible\"  data-js-reload=\"field_21_53\"><label class='gfield_label' for='input_21_53' >Pays\/r\u00e9gion<span class=\"gfield_required\"><span class=\"gfield_required gfield_required_text\">*<\/span><\/span><\/label><div class='ginput_container ginput_container_select'><select name='input_53' id='input_21_53' class='large gfield_select'    aria-required=\"true\" aria-invalid=\"false\" ><option value='' selected='selected' class='gf_placeholder'>S\u00e9lect<\/option><option value='France' >France<\/option><\/select><\/div><\/div><div id=\"field_21_8\"  class=\"gfield gfield--width-full gfield_contains_required field_sublabel_below field_description_below gfield_visibility_visible\"  data-js-reload=\"field_21_8\"><label class='gfield_label' for='input_21_8' >Industrie<span class=\"gfield_required\"><span class=\"gfield_required gfield_required_text\">*<\/span><\/span><\/label><div class='ginput_container ginput_container_select'><select name='input_8' id='input_21_8' class='large gfield_select'    aria-required=\"true\" aria-invalid=\"false\" ><option value='' selected='selected' class='gf_placeholder'>S\u00e9lect<\/option><option value='Development\/Engineering' >Development\/Engineering<\/option><option value='IT' >IT<\/option><option value='Sales' >Sales<\/option><option value='Support &amp; success' >Support &amp; success<\/option><option value='Marketing' >Marketing<\/option><option value='Finance\/Legal\/Operations' >Finance\/Legal\/Operations<\/option><option value='HR\/People' >HR\/People<\/option><option value='Strategy\/Business development' >Strategy\/Business development<\/option><\/select><\/div><\/div><div id=\"field_21_54\"  class=\"gfield gfield--width-full gfield_contains_required field_sublabel_below field_description_below gfield_visibility_visible\"  data-js-reload=\"field_21_54\"><label class='gfield_label' for='input_21_54' >What is your biggest pain point in team communication and collaboration?<span class=\"gfield_required\"><span class=\"gfield_required gfield_required_text\">*<\/span><\/span><\/label><div class='ginput_container ginput_container_select'><select name='input_54' id='input_21_54' class='large gfield_select'    aria-required=\"true\" aria-invalid=\"false\" ><option value='' selected='selected' class='gf_placeholder'>S\u00e9lect<\/option><option value='Connecting teams, customers, and partners' >Connecting teams, customers, and partners<\/option><option value='Accelerating knowledge-sharing and problem-solving' >Accelerating knowledge-sharing and problem-solving<\/option><option value='Ensuring efficient communication and collaboration' >Ensuring efficient communication and collaboration<\/option><\/select><\/div><\/div><div id=\"field_21_55\"  class=\"gfield gfield--width-full gfield_contains_required field_sublabel_below field_description_below gfield_visibility_visible\"  data-js-reload=\"field_21_55\"><label class='gfield_label' for='input_21_55' >What is the timeline for rolling out a tool like Slack within your organisation?<span class=\"gfield_required\"><span class=\"gfield_required gfield_required_text\">*<\/span><\/span><\/label><div class='ginput_container ginput_container_select'><select name='input_55' id='input_21_55' class='large gfield_select'    aria-required=\"true\" aria-invalid=\"false\" ><option value='' selected='selected' class='gf_placeholder'>S\u00e9lect<\/option><option value='Within the next 3 months' >Within the next 3 months<\/option><option value='Within the next 6 months' >Within the next 6 months<\/option><option value='Within the next year' >Within the next year<\/option><\/select><\/div><\/div><fieldset id=\"field_21_51\"  class=\"gfield gfield--width-full field_sublabel_below field_description_below hidden_label gfield_visibility_visible\"  data-js-reload=\"field_21_51\"><legend class='gfield_label gfield_label_before_complex'  >consent<\/legend><div class='ginput_container ginput_container_checkbox'><div class='gfield_checkbox' id='input_21_51'><div class='gchoice gchoice_21_51_1'>\n\t\t\t\t\t\t\t\t<input class='gfield-choice-input' name='input_51.1' type='checkbox'  value='Yes, I would like to receive marketing communications regarding Salesforce products, services, and events. I can unsubscribe at any time.'  id='choice_21_51_1'   \/>\n\t\t\t\t\t\t\t\t<label for='choice_21_51_1' id='label_21_51_1'>Yes, I would like to receive marketing communications regarding Salesforce products, services, and events. I can unsubscribe at any time.<\/label>\n\t\t\t\t\t\t\t<\/div><\/div><\/div><\/fieldset><div id=\"field_21_56\"  class=\"gfield gfield--width-full gfield_html gfield_html_formatted gfield_no_follows_desc field_sublabel_below field_description_below gfield_visibility_visible\"  data-js-reload=\"field_21_56\">Par l'envoi de ce formulaire, vous exprimez votre accord pour que les coordonn\u00e9es saisies, dont votre adresse e-mail, soient transmises \u00e0 Slack, filiale de Salesforce, pour un suivi concernant les sujets qui vous int\u00e9ressent. <a href=\"https:\/\/www.salesforce.com\/company\/legal\/privacy\/\" style=\"color:blue;\"><u>Privacy Statement<\/u>.<\/a><\/div><\/div><\/div>\n        <div class='gform_footer top_label'> <input type='submit' id='gform_submit_button_21' class='gform_button button' value='OBTENIR L&#039;E-BOOK GRATUIT'  onclick='if(window[\"gf_submitting_21\"]){return false;}  if( !jQuery(\"#gform_21\")[0].checkValidity || jQuery(\"#gform_21\")[0].checkValidity()){window[\"gf_submitting_21\"]=true;}  ' onkeypress='if( event.keyCode == 13 ){ if(window[\"gf_submitting_21\"]){return false;} if( !jQuery(\"#gform_21\")[0].checkValidity || jQuery(\"#gform_21\")[0].checkValidity()){window[\"gf_submitting_21\"]=true;}  jQuery(\"#gform_21\").trigger(\"submit\",[true]); }' \/> \n            <input type='hidden' class='gform_hidden' name='is_submit_21' value='1' \/>\n            <input type='hidden' class='gform_hidden' name='gform_submit' value='21' \/>\n            \n            <input type='hidden' class='gform_hidden' name='gform_unique_id' value='' \/>\n            <input type='hidden' class='gform_hidden' name='state_21' value='WyJbXSIsIjJiYWUwYzZhNjk2MDRhODNjMmUzMWJhMWI4NmQ5MTNjIl0=' \/>\n            <input type='hidden' class='gform_hidden' name='gform_target_page_number_21' id='gform_target_page_number_21' value='0' \/>\n            <input type='hidden' class='gform_hidden' name='gform_source_page_number_21' id='gform_source_page_number_21' value='1' \/>\n            <input type='hidden' name='gform_field_values' value='' \/>\n            \n        <\/div>\n                        <\/form>\n                        <\/div>\t\t\t\t<\/div>\n\t\t\t\t<\/div>\n\t\t\t\t<\/div>\n\t\t\t\t\t<\/div>\n\t\t\t\t<\/div>\n\t\t<div class=\"elementor-element elementor-element-7d4a51b e-flex e-con-boxed e-con e-parent\" data-id=\"7d4a51b\" data-element_type=\"container\" data-e-type=\"container\" data-settings=\"{&quot;background_background&quot;:&quot;classic&quot;}\">\n\t\t\t\t\t<div class=\"e-con-inner\">\n\t\t\t\t<div class=\"elementor-element elementor-element-1b550f6 elementor-widget elementor-widget-text-editor\" data-id=\"1b550f6\" data-element_type=\"widget\" data-e-type=\"widget\" data-widget_type=\"text-editor.default\">\n\t\t\t\t<div class=\"elementor-widget-container\">\n\t\t\t\t\t\t\t\t\tCopyright \u00a9 2025 Content Lead, All Rights Reserved.\t\t\t\t\t\t\t\t<\/div>\n\t\t\t\t<\/div>\n\t\t\t\t\t<\/div>\n\t\t\t\t<\/div>\n\t\t\t\t<\/div>\n\t\t","protected":false},"excerpt":{"rendered":"<p>22 fa\u00e7ons d&#8217;automatiser le travail dans Slack Si vous vous demandez comment \u00eatre plus productif en travaillant moins, ce guide est fait pour vous Vous y trouverez une description compl\u00e8te de la fa\u00e7on dont nos clients exploitent l&#8217;automatisation afin d&#8217;atteindre leurs objectifs. Le g\u00e9n\u00e9rateur de flux de travail de Slack est un outil sans code [&hellip;]<\/p>\n","protected":false},"author":1,"featured_media":0,"parent":0,"menu_order":0,"comment_status":"closed","ping_status":"closed","template":"","meta":{"_acf_changed":false,"footnotes":""},"language":[],"class_list":["post-401","page","type-page","status-publish","hentry"],"acf":[],"_links":{"self":[{"href":"https:\/\/content-lead.com\/Lead\/wp-json\/wp\/v2\/pages\/401","targetHints":{"allow":["GET"]}}],"collection":[{"href":"https:\/\/content-lead.com\/Lead\/wp-json\/wp\/v2\/pages"}],"about":[{"href":"https:\/\/content-lead.com\/Lead\/wp-json\/wp\/v2\/types\/page"}],"author":[{"embeddable":true,"href":"https:\/\/content-lead.com\/Lead\/wp-json\/wp\/v2\/users\/1"}],"replies":[{"embeddable":true,"href":"https:\/\/content-lead.com\/Lead\/wp-json\/wp\/v2\/comments?post=401"}],"version-history":[{"count":28,"href":"https:\/\/content-lead.com\/Lead\/wp-json\/wp\/v2\/pages\/401\/revisions"}],"predecessor-version":[{"id":433,"href":"https:\/\/content-lead.com\/Lead\/wp-json\/wp\/v2\/pages\/401\/revisions\/433"}],"wp:attachment":[{"href":"https:\/\/content-lead.com\/Lead\/wp-json\/wp\/v2\/media?parent=401"}],"wp:term":[{"taxonomy":"language","embeddable":true,"href":"https:\/\/content-lead.com\/Lead\/wp-json\/wp\/v2\/language?post=401"}],"curies":[{"name":"wp","href":"https:\/\/api.w.org\/{rel}","templated":true}]}}