{"id":3867,"date":"2025-03-18T21:17:29","date_gmt":"2025-03-18T21:17:29","guid":{"rendered":"https:\/\/content-lead.com\/Lead\/?page_id=3867"},"modified":"2025-03-18T21:19:30","modified_gmt":"2025-03-18T21:19:30","slug":"why-companies-choose-genesys-cloud","status":"publish","type":"page","link":"https:\/\/content-lead.com\/Lead\/why-companies-choose-genesys-cloud\/","title":{"rendered":"Why companies choose Genesys Cloud"},"content":{"rendered":"\t\t<div data-elementor-type=\"wp-page\" data-elementor-id=\"3867\" class=\"elementor elementor-3867\" data-elementor-post-type=\"page\">\n\t\t\t\t<div class=\"elementor-element elementor-element-4e417fb e-flex e-con-boxed e-con e-parent\" data-id=\"4e417fb\" data-element_type=\"container\" data-e-type=\"container\" data-settings=\"{&quot;background_background&quot;:&quot;classic&quot;}\">\n\t\t\t\t\t<div class=\"e-con-inner\">\n\t\t<div class=\"elementor-element elementor-element-a3b9c5c e-con-full e-flex e-con e-child\" data-id=\"a3b9c5c\" data-element_type=\"container\" data-e-type=\"container\">\n\t\t\t\t<div class=\"elementor-element elementor-element-5646e1b elementor-widget elementor-widget-image\" data-id=\"5646e1b\" data-element_type=\"widget\" data-e-type=\"widget\" data-widget_type=\"image.default\">\n\t\t\t\t<div class=\"elementor-widget-container\">\n\t\t\t\t\t\t\t\t\t\t\t\t\t\t\t<img fetchpriority=\"high\" decoding=\"async\" width=\"1896\" height=\"442\" src=\"https:\/\/content-lead.com\/Lead\/wp-content\/uploads\/2025\/03\/Screenshot-2025-03-19-at-1.41.20\u202fAM.png\" class=\"attachment-full size-full wp-image-3822\" alt=\"\" srcset=\"https:\/\/content-lead.com\/Lead\/wp-content\/uploads\/2025\/03\/Screenshot-2025-03-19-at-1.41.20\u202fAM.png 1896w, https:\/\/content-lead.com\/Lead\/wp-content\/uploads\/2025\/03\/Screenshot-2025-03-19-at-1.41.20\u202fAM-300x70.png 300w, https:\/\/content-lead.com\/Lead\/wp-content\/uploads\/2025\/03\/Screenshot-2025-03-19-at-1.41.20\u202fAM-1024x239.png 1024w, https:\/\/content-lead.com\/Lead\/wp-content\/uploads\/2025\/03\/Screenshot-2025-03-19-at-1.41.20\u202fAM-768x179.png 768w, https:\/\/content-lead.com\/Lead\/wp-content\/uploads\/2025\/03\/Screenshot-2025-03-19-at-1.41.20\u202fAM-1536x358.png 1536w\" sizes=\"(max-width: 1896px) 100vw, 1896px\" \/>\t\t\t\t\t\t\t\t\t\t\t\t\t\t\t<\/div>\n\t\t\t\t<\/div>\n\t\t\t\t<\/div>\n\t\t<div class=\"elementor-element elementor-element-e810cc0 e-con-full e-flex e-con e-child\" data-id=\"e810cc0\" data-element_type=\"container\" data-e-type=\"container\">\n\t\t\t\t<div class=\"elementor-element elementor-element-bb14a5a elementor-widget elementor-widget-html\" data-id=\"bb14a5a\" data-element_type=\"widget\" data-e-type=\"widget\" data-widget_type=\"html.default\">\n\t\t\t\t<div class=\"elementor-widget-container\">\n\t\t\t\t\t\n    \n<style>\n\ninput {\n    border: 1px solid grey !important;\n    border-radius: 0px !important;\n    background-color: #fff !important;\n}\nselect {\n    border: 1px solid grey !important;\n    border-radius: 0px !important;\n    background-color: #ffffff !important;\n    -webkit-appearance: none;\n    -moz-appearance: none;\n    appearance: none;\n}\ninput#gform_submit_button_293 {\n    background-color: #f94c36 !important;\n    font-weight: 600;\n    font-family: sans-serif;\n    border-radius: 22px !important;\n    color:#fff;\n    border: none!important;\n    font-size: 18px;\n    padding: 14px 20px;\n    width: 100%;\n \n}\n\n.form-box{\n    border-radius: 18px;\n    background: #f2f2f2;\n    color: black;\n    padding: 25px;\n\n}\n.gform_wrapper.gravity-theme .gfield_label {\n    font-weight: 500;\n}\n\nlabel{\n\tfont-family:rubik;\n\tline-height: 1.5;\n}\n.gform_wrapper.gravity-theme #field_submit, .gform_wrapper.gravity-theme .gform_footer {\n    display: block;\n    text-align: center;\n}\n<\/style>\n    \n    \n    \n    \n\t\t\t\t<\/div>\n\t\t\t\t<\/div>\n\t\t\t\t<\/div>\n\t\t\t\t\t<\/div>\n\t\t\t\t<\/div>\n\t\t<div class=\"elementor-element elementor-element-75863c1 e-flex e-con-boxed e-con e-parent\" data-id=\"75863c1\" data-element_type=\"container\" data-e-type=\"container\">\n\t\t\t\t\t<div class=\"e-con-inner\">\n\t\t\t\t<div class=\"elementor-element elementor-element-115424c elementor-widget elementor-widget-heading\" data-id=\"115424c\" data-element_type=\"widget\" data-e-type=\"widget\" data-widget_type=\"heading.default\">\n\t\t\t\t<div class=\"elementor-widget-container\">\n\t\t\t\t\t<h2 class=\"elementor-heading-title elementor-size-default\">Warum sich Unternehmen f\u00fcr Genesys Cloud entscheiden\n<\/h2>\t\t\t\t<\/div>\n\t\t\t\t<\/div>\n\t\t\t\t\t<\/div>\n\t\t\t\t<\/div>\n\t\t<div class=\"elementor-element elementor-element-0d99711 e-flex e-con-boxed e-con e-parent\" data-id=\"0d99711\" data-element_type=\"container\" data-e-type=\"container\" data-settings=\"{&quot;background_background&quot;:&quot;classic&quot;}\">\n\t\t\t\t\t<div class=\"e-con-inner\">\n\t\t<div class=\"elementor-element elementor-element-83695e6 e-con-full e-flex e-con e-child\" data-id=\"83695e6\" data-element_type=\"container\" data-e-type=\"container\">\n\t\t\t\t<div class=\"elementor-element elementor-element-6248b3b elementor-widget elementor-widget-image\" data-id=\"6248b3b\" data-element_type=\"widget\" data-e-type=\"widget\" data-widget_type=\"image.default\">\n\t\t\t\t<div class=\"elementor-widget-container\">\n\t\t\t\t\t\t\t\t\t\t\t\t\t\t\t<img decoding=\"async\" width=\"1576\" height=\"1214\" src=\"https:\/\/content-lead.com\/Lead\/wp-content\/uploads\/2025\/03\/Screenshot-2025-03-19-at-2.48.44\u202fAM.png\" class=\"attachment-full size-full wp-image-3870\" alt=\"\" srcset=\"https:\/\/content-lead.com\/Lead\/wp-content\/uploads\/2025\/03\/Screenshot-2025-03-19-at-2.48.44\u202fAM.png 1576w, https:\/\/content-lead.com\/Lead\/wp-content\/uploads\/2025\/03\/Screenshot-2025-03-19-at-2.48.44\u202fAM-300x231.png 300w, https:\/\/content-lead.com\/Lead\/wp-content\/uploads\/2025\/03\/Screenshot-2025-03-19-at-2.48.44\u202fAM-1024x789.png 1024w, https:\/\/content-lead.com\/Lead\/wp-content\/uploads\/2025\/03\/Screenshot-2025-03-19-at-2.48.44\u202fAM-768x592.png 768w, https:\/\/content-lead.com\/Lead\/wp-content\/uploads\/2025\/03\/Screenshot-2025-03-19-at-2.48.44\u202fAM-1536x1183.png 1536w\" sizes=\"(max-width: 1576px) 100vw, 1576px\" \/>\t\t\t\t\t\t\t\t\t\t\t\t\t\t\t<\/div>\n\t\t\t\t<\/div>\n\t\t\t\t<div class=\"elementor-element elementor-element-20668a9 elementor-widget elementor-widget-text-editor\" data-id=\"20668a9\" data-element_type=\"widget\" data-e-type=\"widget\" data-widget_type=\"text-editor.default\">\n\t\t\t\t<div class=\"elementor-widget-container\">\n\t\t\t\t\t\t\t\t\tTransformieren Sie das Kundenerlebnis mit Genesys\n\t\t\t\t\t\t\t\t<\/div>\n\t\t\t\t<\/div>\n\t\t\t\t<div class=\"elementor-element elementor-element-9fb01f7 elementor-widget elementor-widget-text-editor\" data-id=\"9fb01f7\" data-element_type=\"widget\" data-e-type=\"widget\" data-widget_type=\"text-editor.default\">\n\t\t\t\t<div class=\"elementor-widget-container\">\n\t\t\t\t\t\t\t\t\tSie suchen nach einer leistungsstarken L\u00f6sung, um das Kundenerlebnis zu verbessern und wollen sich einen Wettbewerbsvorteil sichern? Unsere f\u00fchrende Cloud-native Genesys Cloud CX\u2122 Plattform bietet Zuverl\u00e4ssigkeit, Skalierbarkeit und innovative Funktionen, die neue Branchenstandards definieren. Erfahren Sie, wie die umfassende Integration von CX, Mitarbeitererfahrung, digitalen Kan\u00e4len, k\u00fcnstlicher Intelligenz (KI), Unified Communications und Collaboration nicht nur Betriebsabl\u00e4ufe vereinfacht, sondern auch die Customer Journey optimiert. Erfahren Sie, warum sich f\u00fchrende Marken bei CX-Produkten f\u00fcr Genesys entscheiden. Laden Sie diese kurze \u00dcbersicht herunter, um mehr zu erfahren.\n\n\t\t\t\t\t\t\t\t<\/div>\n\t\t\t\t<\/div>\n\t\t\t\t<\/div>\n\t\t<div class=\"elementor-element elementor-element-152b453 e-con-full form-box e-flex e-con e-child\" data-id=\"152b453\" data-element_type=\"container\" data-e-type=\"container\">\n\t\t\t\t<div class=\"elementor-element elementor-element-4d34f4a elementor-widget elementor-widget-heading\" data-id=\"4d34f4a\" data-element_type=\"widget\" data-e-type=\"widget\" data-widget_type=\"heading.default\">\n\t\t\t\t<div class=\"elementor-widget-container\">\n\t\t\t\t\t<h2 class=\"elementor-heading-title elementor-size-default\">Bitte f\u00fcllen Sie das Formular zum\nDownload aus<\/h2>\t\t\t\t<\/div>\n\t\t\t\t<\/div>\n\t\t\t\t<div class=\"elementor-element elementor-element-f77a239 elementor-widget elementor-widget-html\" data-id=\"f77a239\" data-element_type=\"widget\" data-e-type=\"widget\" data-widget_type=\"html.default\">\n\t\t\t\t<div class=\"elementor-widget-container\">\n\t\t\t\t\t<script type=\"text\/javascript\">var gform;gform||(document.addEventListener(\"gform_main_scripts_loaded\",function(){gform.scriptsLoaded=!0}),window.addEventListener(\"DOMContentLoaded\",function(){gform.domLoaded=!0}),gform={domLoaded:!1,scriptsLoaded:!1,initializeOnLoaded:function(o){gform.domLoaded&&gform.scriptsLoaded?o():!gform.domLoaded&&gform.scriptsLoaded?window.addEventListener(\"DOMContentLoaded\",o):document.addEventListener(\"gform_main_scripts_loaded\",o)},hooks:{action:{},filter:{}},addAction:function(o,n,r,t){gform.addHook(\"action\",o,n,r,t)},addFilter:function(o,n,r,t){gform.addHook(\"filter\",o,n,r,t)},doAction:function(o){gform.doHook(\"action\",o,arguments)},applyFilters:function(o){return gform.doHook(\"filter\",o,arguments)},removeAction:function(o,n){gform.removeHook(\"action\",o,n)},removeFilter:function(o,n,r){gform.removeHook(\"filter\",o,n,r)},addHook:function(o,n,r,t,i){null==gform.hooks[o][n]&&(gform.hooks[o][n]=[]);var e=gform.hooks[o][n];null==i&&(i=n+\"_\"+e.length),gform.hooks[o][n].push({tag:i,callable:r,priority:t=null==t?10:t})},doHook:function(n,o,r){var t;if(r=Array.prototype.slice.call(r,1),null!=gform.hooks[n][o]&&((o=gform.hooks[n][o]).sort(function(o,n){return o.priority-n.priority}),o.forEach(function(o){\"function\"!=typeof(t=o.callable)&&(t=window[t]),\"action\"==n?t.apply(null,r):r[0]=t.apply(null,r)})),\"filter\"==n)return r[0]},removeHook:function(o,n,t,i){var r;null!=gform.hooks[o][n]&&(r=(r=gform.hooks[o][n]).filter(function(o,n,r){return!!(null!=i&&i!=o.tag||null!=t&&t!=o.priority)}),gform.hooks[o][n]=r)}});<\/script>\n                <div class='gf_browser_gecko gform_wrapper gravity-theme' id='gform_wrapper_293' >\n                        <div class='gform_heading'>\n                            <span class='gform_description'><\/span>\n                        <\/div><form method='post' enctype='multipart\/form-data'  id='gform_293'  action='\/Lead\/wp-json\/wp\/v2\/pages\/3867' novalidate>\n                        <div class='gform_body gform-body'><div id='gform_fields_293' class='gform_fields top_label form_sublabel_below description_below'><div id=\"field_293_4\"  class=\"gfield gfield--width-full gfield_contains_required field_sublabel_below field_description_below hidden_label gfield_visibility_visible\"  data-js-reload=\"field_293_4\"><label class='gfield_label' for='input_293_4' >Business Email Address<span class=\"gfield_required\"><span class=\"gfield_required gfield_required_text\">*<\/span><\/span><\/label><div class='ginput_container ginput_container_email'>\n                            <input name='input_4' id='input_293_4' type='email' value='' class='large'   placeholder='Gesch\u00e4ftliche E-Mail' aria-required=\"true\" aria-invalid=\"false\"  \/>\n                        <\/div><\/div><div id=\"field_293_1\"  class=\"gfield gf_left_half gfield--width-half gfield_contains_required field_sublabel_below field_description_below hidden_label gfield_visibility_visible\"  data-js-reload=\"field_293_1\"><label class='gfield_label' for='input_293_1' >First Name<span class=\"gfield_required\"><span class=\"gfield_required gfield_required_text\">*<\/span><\/span><\/label><div class='ginput_container ginput_container_text'><input name='input_1' id='input_293_1' type='text' value='' class='large'    placeholder='Vorname' aria-required=\"true\" aria-invalid=\"false\"   \/> <\/div><\/div><div id=\"field_293_3\"  class=\"gfield gfield--width-full gf_right_half gfield--width-half gfield_contains_required field_sublabel_below field_description_below hidden_label gfield_visibility_visible\"  data-js-reload=\"field_293_3\"><label class='gfield_label' for='input_293_3' >Last Name<span class=\"gfield_required\"><span class=\"gfield_required gfield_required_text\">*<\/span><\/span><\/label><div class='ginput_container ginput_container_text'><input name='input_3' id='input_293_3' type='text' value='' class='large'    placeholder='Nachname' aria-required=\"true\" aria-invalid=\"false\"   \/> <\/div><\/div><div id=\"field_293_50\"  class=\"gfield gfield--width-full gf_left_half gfield--width-half gfield_contains_required field_sublabel_below field_description_below hidden_label gfield_visibility_visible\"  data-js-reload=\"field_293_50\"><label class='gfield_label' for='input_293_50' >Position<span class=\"gfield_required\"><span class=\"gfield_required gfield_required_text\">*<\/span><\/span><\/label><div class='ginput_container ginput_container_text'><input name='input_50' id='input_293_50' type='text' value='' class='large'    placeholder='Position' aria-required=\"true\" aria-invalid=\"false\"   \/> <\/div><\/div><div id=\"field_293_57\"  class=\"gfield gfield--width-full gf_right_half gfield--width-half gfield_contains_required field_sublabel_below field_description_below hidden_label gfield_visibility_visible\"  data-js-reload=\"field_293_57\"><label class='gfield_label' for='input_293_57' >Job-Funktion<span class=\"gfield_required\"><span class=\"gfield_required gfield_required_text\">*<\/span><\/span><\/label><div class='ginput_container ginput_container_select'><select name='input_57' id='input_293_57' class='large gfield_select'    aria-required=\"true\" aria-invalid=\"false\" ><option value='' selected='selected' class='gf_placeholder'>Job-Funktion<\/option><option value='Schadenmeldeteam' >Schadenmeldeteam<\/option><option value='Schadenmanagement' >Schadenmanagement<\/option><option value='Contact Center-Management' >Contact Center-Management<\/option><option value='Customer Experience' >Customer Experience<\/option><option value='Customer Service' >Customer Service<\/option><option value='E-Commerce\/digitale Kan\u00e4le' >E-Commerce\/digitale Kan\u00e4le<\/option><option value='Finanzen' >Finanzen<\/option><option value='Personalwesen' >Personalwesen<\/option><option value='Influencer' >Influencer<\/option><option value='IT' >IT<\/option><option value='IT-Architektur' >IT-Architektur<\/option><option value='IT-Infrastruktur' >IT-Infrastruktur<\/option><option value='IVR' >IVR<\/option><option value='Marketing' >Marketing<\/option><option value='Betriebs-\/Prozessmanagement' >Betriebs-\/Prozessmanagement<\/option><option value='Produktionsleitung' >Produktionsleitung<\/option><option value='Kauf' >Kauf<\/option><option value='Vertrieb' >Vertrieb<\/option><option value='Unbekannt' >Unbekannt<\/option><\/select><\/div><\/div><div id=\"field_293_59\"  class=\"gfield gfield--width-full gf_left_half gfield--width-half gfield_contains_required field_sublabel_below field_description_below hidden_label gfield_visibility_visible\"  data-js-reload=\"field_293_59\"><label class='gfield_label' for='input_293_59' >Company<span class=\"gfield_required\"><span class=\"gfield_required gfield_required_text\">*<\/span><\/span><\/label><div class='ginput_container ginput_container_text'><input name='input_59' id='input_293_59' type='text' value='' class='large'    placeholder='Unternehmensname' aria-required=\"true\" aria-invalid=\"false\"   \/> <\/div><\/div><div id=\"field_293_38\"  class=\"gfield gfield--width-full gf_right_half gfield--width-half gfield_contains_required field_sublabel_below field_description_below hidden_label gfield_visibility_visible\"  data-js-reload=\"field_293_38\"><label class='gfield_label' for='input_293_38' >Phone<span class=\"gfield_required\"><span class=\"gfield_required gfield_required_text\">*<\/span><\/span><\/label><div class='ginput_container ginput_container_phone'><input name='input_38' id='input_293_38' type='tel' value='' class='large'  placeholder='Telefon' aria-required=\"true\" aria-invalid=\"false\"   \/><\/div><\/div><div id=\"field_293_8\"  class=\"gfield gfield--width-full gfield_contains_required field_sublabel_below field_description_below hidden_label gfield_visibility_visible\"  data-js-reload=\"field_293_8\"><label class='gfield_label' for='input_293_8' >Country\/Region<span class=\"gfield_required\"><span class=\"gfield_required gfield_required_text\">*<\/span><\/span><\/label><div class='ginput_container ginput_container_select'><select name='input_8' id='input_293_8' class='large gfield_select'    aria-required=\"true\" aria-invalid=\"false\" ><option value='' selected='selected' class='gf_placeholder'>Land<\/option><option value='Switzerland' >Switzerland<\/option><\/select><\/div><\/div><div id=\"field_293_56\"  class=\"gfield gfield--width-full gfield_contains_required field_sublabel_below field_description_below gfield_visibility_visible\"  data-js-reload=\"field_293_56\"><label class='gfield_label' for='input_293_56' >Was sind die gr\u00f6\u00dften Herausforderungen f\u00fcr Ihr Contact Center?<span class=\"gfield_required\"><span class=\"gfield_required gfield_required_text\">*<\/span><\/span><\/label><div class='ginput_container ginput_container_select'><select name='input_56' id='input_293_56' class='large gfield_select'    aria-required=\"true\" aria-invalid=\"false\" ><option value='' selected='selected' class='gf_placeholder'>Ausw\u00e4hlen<\/option><option value='Agentenfluktuation' >Agentenfluktuation<\/option><option value='Geringe Kundenzufriedenheit' >Geringe Kundenzufriedenheit<\/option><option value='Zu viele Tools' >Zu viele Tools<\/option><option value='Schwierigkeiten bei der Leistungssteigerung' >Schwierigkeiten bei der Leistungssteigerung<\/option><option value='Agenten behalten Informationen nicht gut' >Agenten behalten Informationen nicht gut<\/option><option value='Agenten haben Konzentrationsschwierigkeiten' >Agenten haben Konzentrationsschwierigkeiten<\/option><\/select><\/div><\/div><div id=\"field_293_60\"  class=\"gfield gfield--width-full gfield_contains_required field_sublabel_below field_description_below gfield_visibility_visible\"  data-js-reload=\"field_293_60\"><label class='gfield_label' for='input_293_60' >Wie viele Contact-Center-Agenten haben Sie?<span class=\"gfield_required\"><span class=\"gfield_required gfield_required_text\">*<\/span><\/span><\/label><div class='ginput_container ginput_container_select'><select name='input_60' id='input_293_60' class='large gfield_select'    aria-required=\"true\" aria-invalid=\"false\" ><option value='' selected='selected' class='gf_placeholder'>Ausw\u00e4hlen<\/option><option value='31-150' >31-150<\/option><option value='151-300' >151-300<\/option><option value='301-500' >301-500<\/option><option value='501-10000' >501-10000<\/option><option value='1001-5000' >1001-5000<\/option><option value='&gt;5001' >&gt;5001<\/option><\/select><\/div><\/div><div id=\"field_293_61\"  class=\"gfield gfield--width-full gfield_contains_required field_sublabel_below field_description_below gfield_visibility_visible\"  data-js-reload=\"field_293_61\"><label class='gfield_label' for='input_293_61' >Was sind die gr\u00f6\u00dften Herausforderungen f\u00fcr Ihr Contact Center?<span class=\"gfield_required\"><span class=\"gfield_required gfield_required_text\">*<\/span><\/span><\/label><div class='ginput_container ginput_container_select'><select name='input_61' id='input_293_61' class='large gfield_select'    aria-required=\"true\" aria-invalid=\"false\" ><option value='' selected='selected' class='gf_placeholder'>Ausw\u00e4hlen<\/option><option value='Agents struggle to concentrate' >Agents struggle to concentrate<\/option><option value='Agents are not retaining information well' >Agents are not retaining information well<\/option><option value='Struggling to boost performance' >Struggling to boost performance<\/option><option value='Too many tools' >Too many tools<\/option><option value='Low customer satisfaction' >Low customer satisfaction<\/option><option value='Agent attrition' >Agent attrition<\/option><\/select><\/div><\/div><fieldset id=\"field_293_55\"  class=\"gfield gfield--width-full field_sublabel_below field_description_below hidden_label gfield_visibility_visible\"  data-js-reload=\"field_293_55\"><legend class='gfield_label gfield_label_before_complex'  >consent<\/legend><div class='ginput_container ginput_container_checkbox'><div class='gfield_checkbox' id='input_293_55'><div class='gchoice gchoice_293_55_1'>\n\t\t\t\t\t\t\t\t<input class='gfield-choice-input' name='input_55.1' type='checkbox'  value='Genesys kann Ihre personenbezogenen Daten verwenden, um Sie \u00fcber relevante Neuigkeiten, Ereignisse oder Produkte zu informieren. Indem Sie das unten stehende K\u00e4stchen ankreuzen, akzeptieren Sie die allgemeinen Bedingungen von Genesys und best\u00e4tigen, dass Sie unsere Datenverwendungsrichtlinie gelesen haben.'  id='choice_293_55_1'   \/>\n\t\t\t\t\t\t\t\t<label for='choice_293_55_1' id='label_293_55_1'>Genesys kann Ihre personenbezogenen Daten verwenden, um Sie \u00fcber relevante Neuigkeiten, Ereignisse oder Produkte zu informieren. Indem Sie das unten stehende K\u00e4stchen ankreuzen, akzeptieren Sie die allgemeinen Bedingungen von Genesys und best\u00e4tigen, dass Sie unsere Datenverwendungsrichtlinie gelesen haben.<\/label>\n\t\t\t\t\t\t\t<\/div><\/div><\/div><\/fieldset><\/div><\/div>\n        <div class='gform_footer top_label'> <input type='submit' id='gform_submit_button_293' class='gform_button button' value='JETZT HERUNTERLADEN'  onclick='if(window[\"gf_submitting_293\"]){return false;}  if( !jQuery(\"#gform_293\")[0].checkValidity || jQuery(\"#gform_293\")[0].checkValidity()){window[\"gf_submitting_293\"]=true;}  ' onkeypress='if( event.keyCode == 13 ){ if(window[\"gf_submitting_293\"]){return false;} if( !jQuery(\"#gform_293\")[0].checkValidity || jQuery(\"#gform_293\")[0].checkValidity()){window[\"gf_submitting_293\"]=true;}  jQuery(\"#gform_293\").trigger(\"submit\",[true]); }' \/> \n            <input type='hidden' class='gform_hidden' name='is_submit_293' value='1' \/>\n            <input type='hidden' class='gform_hidden' name='gform_submit' value='293' \/>\n            \n            <input type='hidden' class='gform_hidden' name='gform_unique_id' value='' \/>\n            <input type='hidden' class='gform_hidden' name='state_293' value='WyJbXSIsIjJiYWUwYzZhNjk2MDRhODNjMmUzMWJhMWI4NmQ5MTNjIl0=' \/>\n            <input type='hidden' class='gform_hidden' name='gform_target_page_number_293' id='gform_target_page_number_293' value='0' \/>\n            <input type='hidden' class='gform_hidden' name='gform_source_page_number_293' id='gform_source_page_number_293' value='1' \/>\n            <input type='hidden' name='gform_field_values' value='' \/>\n            \n        <\/div>\n                        <\/form>\n                        <\/div>\t\t\t\t<\/div>\n\t\t\t\t<\/div>\n\t\t\t\t<\/div>\n\t\t\t\t\t<\/div>\n\t\t\t\t<\/div>\n\t\t<div class=\"elementor-element elementor-element-7d4a51b e-flex e-con-boxed e-con e-parent\" data-id=\"7d4a51b\" data-element_type=\"container\" data-e-type=\"container\" data-settings=\"{&quot;background_background&quot;:&quot;classic&quot;}\">\n\t\t\t\t\t<div class=\"e-con-inner\">\n\t\t\t\t<div class=\"elementor-element elementor-element-1b550f6 elementor-widget elementor-widget-text-editor\" data-id=\"1b550f6\" data-element_type=\"widget\" data-e-type=\"widget\" data-widget_type=\"text-editor.default\">\n\t\t\t\t<div class=\"elementor-widget-container\">\n\t\t\t\t\t\t\t\t\tCopyright \u00a9 2025 Content Lead, All Rights Reserved.\t\t\t\t\t\t\t\t<\/div>\n\t\t\t\t<\/div>\n\t\t\t\t\t<\/div>\n\t\t\t\t<\/div>\n\t\t\t\t<\/div>\n\t\t","protected":false},"excerpt":{"rendered":"<p>Warum sich Unternehmen f\u00fcr Genesys Cloud entscheiden Transformieren Sie das Kundenerlebnis mit Genesys Sie suchen nach einer leistungsstarken L\u00f6sung, um das Kundenerlebnis zu verbessern und wollen sich einen Wettbewerbsvorteil sichern? Unsere f\u00fchrende Cloud-native Genesys Cloud CX\u2122 Plattform bietet Zuverl\u00e4ssigkeit, Skalierbarkeit und innovative Funktionen, die neue Branchenstandards definieren. Erfahren Sie, wie die umfassende Integration von CX, [&hellip;]<\/p>\n","protected":false},"author":1,"featured_media":0,"parent":0,"menu_order":0,"comment_status":"closed","ping_status":"closed","template":"","meta":{"_acf_changed":false,"footnotes":""},"language":[],"class_list":["post-3867","page","type-page","status-publish","hentry"],"acf":[],"_links":{"self":[{"href":"https:\/\/content-lead.com\/Lead\/wp-json\/wp\/v2\/pages\/3867","targetHints":{"allow":["GET"]}}],"collection":[{"href":"https:\/\/content-lead.com\/Lead\/wp-json\/wp\/v2\/pages"}],"about":[{"href":"https:\/\/content-lead.com\/Lead\/wp-json\/wp\/v2\/types\/page"}],"author":[{"embeddable":true,"href":"https:\/\/content-lead.com\/Lead\/wp-json\/wp\/v2\/users\/1"}],"replies":[{"embeddable":true,"href":"https:\/\/content-lead.com\/Lead\/wp-json\/wp\/v2\/comments?post=3867"}],"version-history":[{"count":4,"href":"https:\/\/content-lead.com\/Lead\/wp-json\/wp\/v2\/pages\/3867\/revisions"}],"predecessor-version":[{"id":3873,"href":"https:\/\/content-lead.com\/Lead\/wp-json\/wp\/v2\/pages\/3867\/revisions\/3873"}],"wp:attachment":[{"href":"https:\/\/content-lead.com\/Lead\/wp-json\/wp\/v2\/media?parent=3867"}],"wp:term":[{"taxonomy":"language","embeddable":true,"href":"https:\/\/content-lead.com\/Lead\/wp-json\/wp\/v2\/language?post=3867"}],"curies":[{"name":"wp","href":"https:\/\/api.w.org\/{rel}","templated":true}]}}