{"id":2079,"date":"2025-02-24T17:26:43","date_gmt":"2025-02-24T17:26:43","guid":{"rendered":"https:\/\/content-lead.com\/Lead\/?page_id=2079"},"modified":"2025-02-24T17:41:59","modified_gmt":"2025-02-24T17:41:59","slug":"modernisez-votre-environnement-informatique-avec-des-services-cloud","status":"publish","type":"page","link":"https:\/\/content-lead.com\/Lead\/modernisez-votre-environnement-informatique-avec-des-services-cloud\/","title":{"rendered":"Modernisez votre environnement informatique avec des services cloud"},"content":{"rendered":"\t\t<div data-elementor-type=\"wp-page\" data-elementor-id=\"2079\" class=\"elementor elementor-2079\" data-elementor-post-type=\"page\">\n\t\t\t\t<div class=\"elementor-element elementor-element-4e417fb e-flex e-con-boxed e-con e-parent\" data-id=\"4e417fb\" data-element_type=\"container\" data-e-type=\"container\" data-settings=\"{&quot;background_background&quot;:&quot;classic&quot;}\">\n\t\t\t\t\t<div class=\"e-con-inner\">\n\t\t<div class=\"elementor-element elementor-element-a3b9c5c e-con-full e-flex e-con e-child\" data-id=\"a3b9c5c\" data-element_type=\"container\" data-e-type=\"container\">\n\t\t\t\t<\/div>\n\t\t<div class=\"elementor-element elementor-element-e810cc0 e-con-full e-flex e-con e-child\" data-id=\"e810cc0\" data-element_type=\"container\" data-e-type=\"container\">\n\t\t\t\t<div class=\"elementor-element elementor-element-bb14a5a elementor-widget elementor-widget-html\" data-id=\"bb14a5a\" data-element_type=\"widget\" data-e-type=\"widget\" data-widget_type=\"html.default\">\n\t\t\t\t<div class=\"elementor-widget-container\">\n\t\t\t\t\t\n    \n<style>\n\ninput {\n    border: 1px solid grey !important;\n    border-radius: 4px !important;\n    background-color: #fff !important;\n}\nselect {\n    border: 1px solid grey !important;\n    border-radius: 4px !important;\n    background-color: #ffffff !important;\n    -webkit-appearance: none;\n    -moz-appearance: none;\n    appearance: none;\n}\ninput#gform_submit_button_157 {\n    background-color: #5ec406 !important;\n    font-weight: 600;\n    font-family: sans-serif;\n    border-radius: 30px !important;\n    color:#fff;\n    border: none!important;\n    font-size: 18px;\n    padding: 14px 20px;\n    width: 100%;\n \n}\nul li{\n    margin-bottom: 10px;\n}\n.form-box{\n    border-radius: 0px;\n    background: #f5f5f5;\n    color: black;\n    padding: 25px;\n\n}\n.gform_wrapper.gravity-theme .gfield_label {\n    font-weight: 500;\n}\n\nlabel{\n\tfont-family:rubik;\n\tline-height: 1.5;\n}\n.gform_wrapper.gravity-theme #field_submit, .gform_wrapper.gravity-theme .gform_footer {\n    display: block;\n    text-align: center;\n}\n<\/style>\n    \n    \n    \n    \n\t\t\t\t<\/div>\n\t\t\t\t<\/div>\n\t\t\t\t<\/div>\n\t\t\t\t\t<\/div>\n\t\t\t\t<\/div>\n\t\t<div class=\"elementor-element elementor-element-0d99711 e-flex e-con-boxed e-con e-parent\" data-id=\"0d99711\" data-element_type=\"container\" data-e-type=\"container\" data-settings=\"{&quot;background_background&quot;:&quot;classic&quot;}\">\n\t\t\t\t\t<div class=\"e-con-inner\">\n\t\t<div class=\"elementor-element elementor-element-83695e6 e-con-full e-flex e-con e-child\" data-id=\"83695e6\" data-element_type=\"container\" data-e-type=\"container\" data-settings=\"{&quot;background_background&quot;:&quot;classic&quot;}\">\n\t\t\t\t<div class=\"elementor-element elementor-element-5646e1b elementor-widget elementor-widget-image\" data-id=\"5646e1b\" data-element_type=\"widget\" data-e-type=\"widget\" data-widget_type=\"image.default\">\n\t\t\t\t<div class=\"elementor-widget-container\">\n\t\t\t\t\t\t\t\t\t\t\t\t\t\t\t<img fetchpriority=\"high\" decoding=\"async\" width=\"560\" height=\"132\" src=\"https:\/\/content-lead.com\/Lead\/wp-content\/uploads\/2025\/02\/Red-hat-logo.png\" class=\"attachment-full size-full wp-image-1630\" alt=\"\" srcset=\"https:\/\/content-lead.com\/Lead\/wp-content\/uploads\/2025\/02\/Red-hat-logo.png 560w, https:\/\/content-lead.com\/Lead\/wp-content\/uploads\/2025\/02\/Red-hat-logo-300x71.png 300w\" sizes=\"(max-width: 560px) 100vw, 560px\" \/>\t\t\t\t\t\t\t\t\t\t\t\t\t\t\t<\/div>\n\t\t\t\t<\/div>\n\t\t\t\t<div class=\"elementor-element elementor-element-115424c elementor-widget elementor-widget-heading\" data-id=\"115424c\" data-element_type=\"widget\" data-e-type=\"widget\" data-widget_type=\"heading.default\">\n\t\t\t\t<div class=\"elementor-widget-container\">\n\t\t\t\t\t<h2 class=\"elementor-heading-title elementor-size-default\">Modernisez votre environnement informatique avec des services cloud<\/h2>\t\t\t\t<\/div>\n\t\t\t\t<\/div>\n\t\t<div class=\"elementor-element elementor-element-5b9ea26 e-con-full e-flex e-con e-child\" data-id=\"5b9ea26\" data-element_type=\"container\" data-e-type=\"container\">\n\t\t<div class=\"elementor-element elementor-element-3b8ccb9 e-con-full e-flex e-con e-child\" data-id=\"3b8ccb9\" data-element_type=\"container\" data-e-type=\"container\">\n\t\t\t\t<div class=\"elementor-element elementor-element-ebd82d9 elementor-widget elementor-widget-text-editor\" data-id=\"ebd82d9\" data-element_type=\"widget\" data-e-type=\"widget\" data-widget_type=\"text-editor.default\">\n\t\t\t\t<div class=\"elementor-widget-container\">\n\t\t\t\t\t\t\t\t\tD\u00e9couvrez comment des services cloud, tels que Red Hat OpenShift Service on AWS, peuvent vous aider \u00e0 cr\u00e9er et g\u00e9rer des applications dans un environnement hybride ou multicloud\t\t\t\t\t\t\t\t<\/div>\n\t\t\t\t<\/div>\n\t\t\t\t<\/div>\n\t\t<div class=\"elementor-element elementor-element-7ce83b6 e-con-full e-flex e-con e-child\" data-id=\"7ce83b6\" data-element_type=\"container\" data-e-type=\"container\">\n\t\t\t\t<div class=\"elementor-element elementor-element-1de7f38 elementor-widget elementor-widget-image\" data-id=\"1de7f38\" data-element_type=\"widget\" data-e-type=\"widget\" data-widget_type=\"image.default\">\n\t\t\t\t<div class=\"elementor-widget-container\">\n\t\t\t\t\t\t\t\t\t\t\t\t\t\t\t<img decoding=\"async\" width=\"786\" height=\"1110\" src=\"https:\/\/content-lead.com\/Lead\/wp-content\/uploads\/2025\/02\/Screenshot-2025-02-24-at-10.58.02\u202fPM.png\" class=\"attachment-full size-full wp-image-2081\" alt=\"\" srcset=\"https:\/\/content-lead.com\/Lead\/wp-content\/uploads\/2025\/02\/Screenshot-2025-02-24-at-10.58.02\u202fPM.png 786w, https:\/\/content-lead.com\/Lead\/wp-content\/uploads\/2025\/02\/Screenshot-2025-02-24-at-10.58.02\u202fPM-212x300.png 212w, https:\/\/content-lead.com\/Lead\/wp-content\/uploads\/2025\/02\/Screenshot-2025-02-24-at-10.58.02\u202fPM-725x1024.png 725w, https:\/\/content-lead.com\/Lead\/wp-content\/uploads\/2025\/02\/Screenshot-2025-02-24-at-10.58.02\u202fPM-768x1085.png 768w\" sizes=\"(max-width: 786px) 100vw, 786px\" \/>\t\t\t\t\t\t\t\t\t\t\t\t\t\t\t<\/div>\n\t\t\t\t<\/div>\n\t\t\t\t<\/div>\n\t\t\t\t<\/div>\n\t\t<div class=\"elementor-element elementor-element-e9dcc29 e-con-full e-flex e-con e-child\" data-id=\"e9dcc29\" data-element_type=\"container\" data-e-type=\"container\">\n\t\t\t\t<\/div>\n\t\t\t\t<\/div>\n\t\t<div class=\"elementor-element elementor-element-152b453 e-con-full form-box e-flex e-con e-child\" data-id=\"152b453\" data-element_type=\"container\" data-e-type=\"container\" data-settings=\"{&quot;background_background&quot;:&quot;classic&quot;}\">\n\t\t\t\t<div class=\"elementor-element elementor-element-4d34f4a elementor-widget elementor-widget-heading\" data-id=\"4d34f4a\" data-element_type=\"widget\" data-e-type=\"widget\" data-widget_type=\"heading.default\">\n\t\t\t\t<div class=\"elementor-widget-container\">\n\t\t\t\t\t<h2 class=\"elementor-heading-title elementor-size-default\">T\u00e9l\u00e9chargez la ressource compl\u00e8te\u00a0:\n\n<\/h2>\t\t\t\t<\/div>\n\t\t\t\t<\/div>\n\t\t\t\t<div class=\"elementor-element elementor-element-f77a239 elementor-widget elementor-widget-html\" data-id=\"f77a239\" data-element_type=\"widget\" data-e-type=\"widget\" data-widget_type=\"html.default\">\n\t\t\t\t<div class=\"elementor-widget-container\">\n\t\t\t\t\t<script type=\"text\/javascript\">var gform;gform||(document.addEventListener(\"gform_main_scripts_loaded\",function(){gform.scriptsLoaded=!0}),window.addEventListener(\"DOMContentLoaded\",function(){gform.domLoaded=!0}),gform={domLoaded:!1,scriptsLoaded:!1,initializeOnLoaded:function(o){gform.domLoaded&&gform.scriptsLoaded?o():!gform.domLoaded&&gform.scriptsLoaded?window.addEventListener(\"DOMContentLoaded\",o):document.addEventListener(\"gform_main_scripts_loaded\",o)},hooks:{action:{},filter:{}},addAction:function(o,n,r,t){gform.addHook(\"action\",o,n,r,t)},addFilter:function(o,n,r,t){gform.addHook(\"filter\",o,n,r,t)},doAction:function(o){gform.doHook(\"action\",o,arguments)},applyFilters:function(o){return gform.doHook(\"filter\",o,arguments)},removeAction:function(o,n){gform.removeHook(\"action\",o,n)},removeFilter:function(o,n,r){gform.removeHook(\"filter\",o,n,r)},addHook:function(o,n,r,t,i){null==gform.hooks[o][n]&&(gform.hooks[o][n]=[]);var e=gform.hooks[o][n];null==i&&(i=n+\"_\"+e.length),gform.hooks[o][n].push({tag:i,callable:r,priority:t=null==t?10:t})},doHook:function(n,o,r){var t;if(r=Array.prototype.slice.call(r,1),null!=gform.hooks[n][o]&&((o=gform.hooks[n][o]).sort(function(o,n){return o.priority-n.priority}),o.forEach(function(o){\"function\"!=typeof(t=o.callable)&&(t=window[t]),\"action\"==n?t.apply(null,r):r[0]=t.apply(null,r)})),\"filter\"==n)return r[0]},removeHook:function(o,n,t,i){var r;null!=gform.hooks[o][n]&&(r=(r=gform.hooks[o][n]).filter(function(o,n,r){return!!(null!=i&&i!=o.tag||null!=t&&t!=o.priority)}),gform.hooks[o][n]=r)}});<\/script>\n                <div class='gf_browser_gecko gform_wrapper gravity-theme' id='gform_wrapper_157' >\n                        <div class='gform_heading'>\n                            <span class='gform_description'><\/span>\n                        <\/div><form method='post' enctype='multipart\/form-data'  id='gform_157'  action='\/Lead\/wp-json\/wp\/v2\/pages\/2079' novalidate>\n                        <div class='gform_body gform-body'><div id='gform_fields_157' class='gform_fields top_label form_sublabel_below description_below'><div id=\"field_157_1\"  class=\"gfield gfield_contains_required field_sublabel_below field_description_below hidden_label gfield_visibility_visible\"  data-js-reload=\"field_157_1\"><label class='gfield_label' for='input_157_1' >First Name<span class=\"gfield_required\"><span class=\"gfield_required gfield_required_text\">*<\/span><\/span><\/label><div class='ginput_container ginput_container_text'><input name='input_1' id='input_157_1' type='text' value='' class='large'    placeholder='Pr\u00e9nom' aria-required=\"true\" aria-invalid=\"false\"   \/> <\/div><\/div><div id=\"field_157_3\"  class=\"gfield gfield--width-full gfield_contains_required field_sublabel_below field_description_below hidden_label gfield_visibility_visible\"  data-js-reload=\"field_157_3\"><label class='gfield_label' for='input_157_3' >Last Name<span class=\"gfield_required\"><span class=\"gfield_required gfield_required_text\">*<\/span><\/span><\/label><div class='ginput_container ginput_container_text'><input name='input_3' id='input_157_3' type='text' value='' class='large'    placeholder='Nom de famille' aria-required=\"true\" aria-invalid=\"false\"   \/> <\/div><\/div><div id=\"field_157_4\"  class=\"gfield gfield--width-full gfield_contains_required field_sublabel_below field_description_below hidden_label gfield_visibility_visible\"  data-js-reload=\"field_157_4\"><label class='gfield_label' for='input_157_4' >Business Email Address<span class=\"gfield_required\"><span class=\"gfield_required gfield_required_text\">*<\/span><\/span><\/label><div class='ginput_container ginput_container_email'>\n                            <input name='input_4' id='input_157_4' type='email' value='' class='large'   placeholder='Courriel professionnel' aria-required=\"true\" aria-invalid=\"false\"  \/>\n                        <\/div><\/div><div id=\"field_157_59\"  class=\"gfield gfield--width-full gfield_contains_required field_sublabel_below field_description_below hidden_label gfield_visibility_visible\"  data-js-reload=\"field_157_59\"><label class='gfield_label' for='input_157_59' >Company Name<span class=\"gfield_required\"><span class=\"gfield_required gfield_required_text\">*<\/span><\/span><\/label><div class='ginput_container ginput_container_text'><input name='input_59' id='input_157_59' type='text' value='' class='large'    placeholder='L&#039;entreprise' aria-required=\"true\" aria-invalid=\"false\"   \/> <\/div><\/div><div id=\"field_157_50\"  class=\"gfield gfield--width-full gfield_contains_required field_sublabel_below field_description_below hidden_label gfield_visibility_visible\"  data-js-reload=\"field_157_50\"><label class='gfield_label' for='input_157_50' >Title\/Position<span class=\"gfield_required\"><span class=\"gfield_required gfield_required_text\">*<\/span><\/span><\/label><div class='ginput_container ginput_container_text'><input name='input_50' id='input_157_50' type='text' value='' class='large'    placeholder='Titre du poste' aria-required=\"true\" aria-invalid=\"false\"   \/> <\/div><\/div><div id=\"field_157_38\"  class=\"gfield gfield--width-full gfield_contains_required field_sublabel_below field_description_below hidden_label gfield_visibility_visible\"  data-js-reload=\"field_157_38\"><label class='gfield_label' for='input_157_38' >Phone<span class=\"gfield_required\"><span class=\"gfield_required gfield_required_text\">*<\/span><\/span><\/label><div class='ginput_container ginput_container_phone'><input name='input_38' id='input_157_38' type='tel' value='' class='large'  placeholder='T\u00e9l\u00e9phone professionnel' aria-required=\"true\" aria-invalid=\"false\"   \/><\/div><\/div><div id=\"field_157_60\"  class=\"gfield gfield--width-full gfield_contains_required field_sublabel_below field_description_below hidden_label gfield_visibility_visible\"  data-js-reload=\"field_157_60\"><label class='gfield_label' for='input_157_60' >Number of Employees<span class=\"gfield_required\"><span class=\"gfield_required gfield_required_text\">*<\/span><\/span><\/label><div class='ginput_container ginput_container_select'><select name='input_60' id='input_157_60' class='large gfield_select'    aria-required=\"true\" aria-invalid=\"false\" ><option value='' selected='selected' class='gf_placeholder'>Taille de l&#039;entreprise<\/option><option value='1-20 employees' >1-20 employees<\/option><option value='21-200 employees' >21-200 employees<\/option><option value='201-2,000 employees' >201-2,000 employees<\/option><option value='2,001- 4,500 employees' >2,001- 4,500 employees<\/option><option value='4,501 - 9,999 employees' >4,501 - 9,999 employees<\/option><option value='10,000+ employees' >10,000+ employees<\/option><\/select><\/div><\/div><div id=\"field_157_61\"  class=\"gfield gfield--width-full gfield_contains_required field_sublabel_below field_description_below hidden_label gfield_visibility_visible\"  data-js-reload=\"field_157_61\"><label class='gfield_label' for='input_157_61' >Adresse<span class=\"gfield_required\"><span class=\"gfield_required gfield_required_text\">*<\/span><\/span><\/label><div class='ginput_container ginput_container_text'><input name='input_61' id='input_157_61' type='text' value='' class='large'    placeholder='Adresse' aria-required=\"true\" aria-invalid=\"false\"   \/> <\/div><\/div><div id=\"field_157_62\"  class=\"gfield gfield--width-full gfield_contains_required field_sublabel_below field_description_below hidden_label gfield_visibility_visible\"  data-js-reload=\"field_157_62\"><label class='gfield_label' for='input_157_62' >Ville<span class=\"gfield_required\"><span class=\"gfield_required gfield_required_text\">*<\/span><\/span><\/label><div class='ginput_container ginput_container_text'><input name='input_62' id='input_157_62' type='text' value='' class='large'    placeholder='Ville' aria-required=\"true\" aria-invalid=\"false\"   \/> <\/div><\/div><div id=\"field_157_63\"  class=\"gfield gfield--width-full gfield_contains_required field_sublabel_below field_description_below hidden_label gfield_visibility_visible\"  data-js-reload=\"field_157_63\"><label class='gfield_label' for='input_157_63' >State<span class=\"gfield_required\"><span class=\"gfield_required gfield_required_text\">*<\/span><\/span><\/label><div class='ginput_container ginput_container_text'><input name='input_63' id='input_157_63' type='text' value='' class='large'    placeholder='\u00c9tat' aria-required=\"true\" aria-invalid=\"false\"   \/> <\/div><\/div><div id=\"field_157_64\"  class=\"gfield gfield--width-full gfield_contains_required field_sublabel_below field_description_below hidden_label gfield_visibility_visible\"  data-js-reload=\"field_157_64\"><label class='gfield_label' for='input_157_64' >Code postal<span class=\"gfield_required\"><span class=\"gfield_required gfield_required_text\">*<\/span><\/span><\/label><div class='ginput_container ginput_container_text'><input name='input_64' id='input_157_64' type='text' value='' class='large'    placeholder='Code postal' aria-required=\"true\" aria-invalid=\"false\"   \/> <\/div><\/div><div id=\"field_157_8\"  class=\"gfield gfield--width-full gfield_contains_required field_sublabel_below field_description_below hidden_label gfield_visibility_visible\"  data-js-reload=\"field_157_8\"><label class='gfield_label' for='input_157_8' >Country<span class=\"gfield_required\"><span class=\"gfield_required gfield_required_text\">*<\/span><\/span><\/label><div class='ginput_container ginput_container_select'><select name='input_8' id='input_157_8' class='large gfield_select'    aria-required=\"true\" aria-invalid=\"false\" ><option value='' selected='selected' class='gf_placeholder'>Pays<\/option><option value='France' >France<\/option><\/select><\/div><\/div><fieldset id=\"field_157_55\"  class=\"gfield gfield--width-full field_sublabel_below field_description_below hidden_label gfield_visibility_visible\"  data-js-reload=\"field_157_55\"><legend class='gfield_label gfield_label_before_complex'  >consent<\/legend><div class='ginput_container ginput_container_checkbox'><div class='gfield_checkbox' id='input_157_55'><div class='gchoice gchoice_157_55_1'>\n\t\t\t\t\t\t\t\t<input class='gfield-choice-input' name='input_55.1' type='checkbox'  value='&lt;i&gt;Red Hat peut utiliser vos donn\u00e9es personnelles pour vous informer sur ses produits, services et \u00e9v\u00e9nements. &lt;a href=&quot;https:\/\/www.redhat.com\/en\/email-preferences&quot; style=&quot;color:#FF9800&quot;&gt;Vous pouvez retirer votre consentement \u00e0 tout moment&lt;\/a&gt; (consulter &lt;a href=&quot;https:\/\/www.redhat.com\/en\/about\/privacy-policy&quot; style=&quot;color:#FF9800&quot;&gt;la d\u00e9claration de confidentialit\u00e9&lt;\/a&gt; pour plus de d\u00e9tails).&lt;\/i&gt;'  id='choice_157_55_1'   \/>\n\t\t\t\t\t\t\t\t<label for='choice_157_55_1' id='label_157_55_1'><i>Red Hat peut utiliser vos donn\u00e9es personnelles pour vous informer sur ses produits, services et \u00e9v\u00e9nements. <a href=\"https:\/\/www.redhat.com\/en\/email-preferences\" style=\"color:#FF9800;\">Vous pouvez retirer votre consentement \u00e0 tout moment<\/a> (consulter <a href=\"https:\/\/www.redhat.com\/en\/about\/privacy-policy\" style=\"color:#FF9800;\">la d\u00e9claration de confidentialit\u00e9<\/a> pour plus de d\u00e9tails).<\/i><\/label>\n\t\t\t\t\t\t\t<\/div><\/div><\/div><\/fieldset><\/div><\/div>\n        <div class='gform_footer top_label'> <input type='submit' id='gform_submit_button_157' class='gform_button button' value='SOUMETTRE'  onclick='if(window[\"gf_submitting_157\"]){return false;}  if( !jQuery(\"#gform_157\")[0].checkValidity || jQuery(\"#gform_157\")[0].checkValidity()){window[\"gf_submitting_157\"]=true;}  ' onkeypress='if( event.keyCode == 13 ){ if(window[\"gf_submitting_157\"]){return false;} if( !jQuery(\"#gform_157\")[0].checkValidity || jQuery(\"#gform_157\")[0].checkValidity()){window[\"gf_submitting_157\"]=true;}  jQuery(\"#gform_157\").trigger(\"submit\",[true]); }' \/> \n            <input type='hidden' class='gform_hidden' name='is_submit_157' value='1' \/>\n            <input type='hidden' class='gform_hidden' name='gform_submit' value='157' \/>\n            \n            <input type='hidden' class='gform_hidden' name='gform_unique_id' value='' \/>\n            <input type='hidden' class='gform_hidden' name='state_157' value='WyJbXSIsIjJiYWUwYzZhNjk2MDRhODNjMmUzMWJhMWI4NmQ5MTNjIl0=' \/>\n            <input type='hidden' class='gform_hidden' name='gform_target_page_number_157' id='gform_target_page_number_157' value='0' \/>\n            <input type='hidden' class='gform_hidden' name='gform_source_page_number_157' id='gform_source_page_number_157' value='1' \/>\n            <input type='hidden' name='gform_field_values' value='' \/>\n            \n        <\/div>\n                        <\/form>\n                        <\/div>\t\t\t\t<\/div>\n\t\t\t\t<\/div>\n\t\t\t\t<\/div>\n\t\t\t\t<div class=\"elementor-element elementor-element-02daee3 elementor-widget-divider--view-line elementor-widget elementor-widget-divider\" data-id=\"02daee3\" data-element_type=\"widget\" data-e-type=\"widget\" data-widget_type=\"divider.default\">\n\t\t\t\t<div class=\"elementor-widget-container\">\n\t\t\t\t\t\t\t<div class=\"elementor-divider\">\n\t\t\t<span class=\"elementor-divider-separator\">\n\t\t\t\t\t\t<\/span>\n\t\t<\/div>\n\t\t\t\t\t\t<\/div>\n\t\t\t\t<\/div>\n\t\t\t\t\t<\/div>\n\t\t\t\t<\/div>\n\t\t<div class=\"elementor-element elementor-element-7d4a51b e-flex e-con-boxed e-con e-parent\" data-id=\"7d4a51b\" data-element_type=\"container\" data-e-type=\"container\" data-settings=\"{&quot;background_background&quot;:&quot;classic&quot;}\">\n\t\t\t\t\t<div class=\"e-con-inner\">\n\t\t\t\t<div class=\"elementor-element elementor-element-1b550f6 elementor-widget elementor-widget-text-editor\" data-id=\"1b550f6\" data-element_type=\"widget\" data-e-type=\"widget\" data-widget_type=\"text-editor.default\">\n\t\t\t\t<div class=\"elementor-widget-container\">\n\t\t\t\t\t\t\t\t\tCopyright \u00a9 2025 Content Lead, All Rights Reserved.\t\t\t\t\t\t\t\t<\/div>\n\t\t\t\t<\/div>\n\t\t\t\t\t<\/div>\n\t\t\t\t<\/div>\n\t\t\t\t<\/div>\n\t\t","protected":false},"excerpt":{"rendered":"<p>Modernisez votre environnement informatique avec des services cloud D\u00e9couvrez comment des services cloud, tels que Red Hat OpenShift Service on AWS, peuvent vous aider \u00e0 cr\u00e9er et g\u00e9rer des applications dans un environnement hybride ou multicloud T\u00e9l\u00e9chargez la ressource compl\u00e8te\u00a0: Copyright \u00a9 2025 Content Lead, All Rights Reserved.<\/p>\n","protected":false},"author":1,"featured_media":0,"parent":0,"menu_order":0,"comment_status":"closed","ping_status":"closed","template":"","meta":{"_acf_changed":false,"footnotes":""},"language":[],"class_list":["post-2079","page","type-page","status-publish","hentry"],"acf":[],"_links":{"self":[{"href":"https:\/\/content-lead.com\/Lead\/wp-json\/wp\/v2\/pages\/2079","targetHints":{"allow":["GET"]}}],"collection":[{"href":"https:\/\/content-lead.com\/Lead\/wp-json\/wp\/v2\/pages"}],"about":[{"href":"https:\/\/content-lead.com\/Lead\/wp-json\/wp\/v2\/types\/page"}],"author":[{"embeddable":true,"href":"https:\/\/content-lead.com\/Lead\/wp-json\/wp\/v2\/users\/1"}],"replies":[{"embeddable":true,"href":"https:\/\/content-lead.com\/Lead\/wp-json\/wp\/v2\/comments?post=2079"}],"version-history":[{"count":7,"href":"https:\/\/content-lead.com\/Lead\/wp-json\/wp\/v2\/pages\/2079\/revisions"}],"predecessor-version":[{"id":2088,"href":"https:\/\/content-lead.com\/Lead\/wp-json\/wp\/v2\/pages\/2079\/revisions\/2088"}],"wp:attachment":[{"href":"https:\/\/content-lead.com\/Lead\/wp-json\/wp\/v2\/media?parent=2079"}],"wp:term":[{"taxonomy":"language","embeddable":true,"href":"https:\/\/content-lead.com\/Lead\/wp-json\/wp\/v2\/language?post=2079"}],"curies":[{"name":"wp","href":"https:\/\/api.w.org\/{rel}","templated":true}]}}