{"id":10720,"date":"2025-07-23T16:04:35","date_gmt":"2025-07-23T16:04:35","guid":{"rendered":"https:\/\/content-lead.com\/Lead\/?page_id=10720"},"modified":"2025-07-23T16:07:58","modified_gmt":"2025-07-23T16:07:58","slug":"start-with-even-more-responsible-sourcing-fr","status":"publish","type":"page","link":"https:\/\/content-lead.com\/Lead\/start-with-even-more-responsible-sourcing-fr\/","title":{"rendered":"Start with even more responsible sourcing"},"content":{"rendered":"\t\t<div data-elementor-type=\"wp-page\" data-elementor-id=\"10720\" class=\"elementor elementor-10720\" data-elementor-post-type=\"page\">\n\t\t\t\t<div class=\"elementor-element elementor-element-4e417fb e-flex e-con-boxed e-con e-parent\" data-id=\"4e417fb\" data-element_type=\"container\" data-e-type=\"container\" data-settings=\"{&quot;background_background&quot;:&quot;classic&quot;}\">\n\t\t\t\t\t<div class=\"e-con-inner\">\n\t\t<div class=\"elementor-element elementor-element-a3b9c5c e-con-full e-flex e-con e-child\" data-id=\"a3b9c5c\" data-element_type=\"container\" data-e-type=\"container\">\n\t\t\t\t<div class=\"elementor-element elementor-element-5646e1b elementor-widget elementor-widget-image\" data-id=\"5646e1b\" data-element_type=\"widget\" data-e-type=\"widget\" data-widget_type=\"image.default\">\n\t\t\t\t<div class=\"elementor-widget-container\">\n\t\t\t\t\t\t\t\t\t\t\t\t\t\t\t<img fetchpriority=\"high\" decoding=\"async\" width=\"1260\" height=\"224\" src=\"https:\/\/content-lead.com\/Lead\/wp-content\/uploads\/2025\/07\/69c95a8a-amazon-business-logo-horizontal-rgb-squid-ink-smile-orange_10me040000000000000000.png\" class=\"attachment-full size-full wp-image-10714\" alt=\"\" srcset=\"https:\/\/content-lead.com\/Lead\/wp-content\/uploads\/2025\/07\/69c95a8a-amazon-business-logo-horizontal-rgb-squid-ink-smile-orange_10me040000000000000000.png 1260w, https:\/\/content-lead.com\/Lead\/wp-content\/uploads\/2025\/07\/69c95a8a-amazon-business-logo-horizontal-rgb-squid-ink-smile-orange_10me040000000000000000-300x53.png 300w, https:\/\/content-lead.com\/Lead\/wp-content\/uploads\/2025\/07\/69c95a8a-amazon-business-logo-horizontal-rgb-squid-ink-smile-orange_10me040000000000000000-1024x182.png 1024w, https:\/\/content-lead.com\/Lead\/wp-content\/uploads\/2025\/07\/69c95a8a-amazon-business-logo-horizontal-rgb-squid-ink-smile-orange_10me040000000000000000-768x137.png 768w\" sizes=\"(max-width: 1260px) 100vw, 1260px\" \/>\t\t\t\t\t\t\t\t\t\t\t\t\t\t\t<\/div>\n\t\t\t\t<\/div>\n\t\t\t\t<\/div>\n\t\t<div class=\"elementor-element elementor-element-e810cc0 e-con-full e-flex e-con e-child\" data-id=\"e810cc0\" data-element_type=\"container\" data-e-type=\"container\">\n\t\t\t\t<div class=\"elementor-element elementor-element-bb14a5a elementor-widget elementor-widget-html\" data-id=\"bb14a5a\" data-element_type=\"widget\" data-e-type=\"widget\" data-widget_type=\"html.default\">\n\t\t\t\t<div class=\"elementor-widget-container\">\n\t\t\t\t\t\n    \n<style>\n\ninput {\n    border: 1px solid grey !important;\n    border-radius: 4px !important;\n    background-color: #fff !important;\n}\nselect {\n    border: 1px solid grey !important;\n    border-radius: 4px !important;\n    background-color: #ffffff !important;\n    -webkit-appearance: none;\n    -moz-appearance: none;\n    appearance: none;\n}\ninput#gform_submit_button_757 {\n    background-color: #161D26 !important;\n    font-weight: 600;\n    font-family: sans-serif;\n    border-radius: 6px !important;\n    color:#fff;\n    border: none!important;\n    font-size: 18px;\n \n}\n\n.form-box{\n    border-radius: 0px;\n    background: #f2f2f2;\n    color: black;\n    padding: 25px;\n\n}\n.gform_wrapper.gravity-theme .gfield_label {\n    font-weight: 500;\n}\n\nlabel{\n\tfont-family:rubik;\n\tline-height: 1.5;\n}\n.gform_wrapper.gravity-theme #field_submit, .gform_wrapper.gravity-theme .gform_footer {\n    display: block;\n    text-align: center;\n}\n<\/style>\n    \n    \n    \n    \n\t\t\t\t<\/div>\n\t\t\t\t<\/div>\n\t\t\t\t<\/div>\n\t\t\t\t\t<\/div>\n\t\t\t\t<\/div>\n\t\t<div class=\"elementor-element elementor-element-110d735 e-flex e-con-boxed e-con e-parent\" data-id=\"110d735\" data-element_type=\"container\" data-e-type=\"container\" data-settings=\"{&quot;background_background&quot;:&quot;classic&quot;}\">\n\t\t\t\t\t<div class=\"e-con-inner\">\n\t\t\t\t<div class=\"elementor-element elementor-element-115424c elementor-widget elementor-widget-heading\" data-id=\"115424c\" data-element_type=\"widget\" data-e-type=\"widget\" data-widget_type=\"heading.default\">\n\t\t\t\t<div class=\"elementor-widget-container\">\n\t\t\t\t\t<h2 class=\"elementor-heading-title elementor-size-default\">D\u00e9marrer avec un approvisionnement encore plus responsable\n\n\n\n\n\n\n\n\n\n\n\n\n\n<\/h2>\t\t\t\t<\/div>\n\t\t\t\t<\/div>\n\t\t\t\t\t<\/div>\n\t\t\t\t<\/div>\n\t\t<div class=\"elementor-element elementor-element-0d99711 e-flex e-con-boxed e-con e-parent\" data-id=\"0d99711\" data-element_type=\"container\" data-e-type=\"container\">\n\t\t\t\t\t<div class=\"e-con-inner\">\n\t\t<div class=\"elementor-element elementor-element-83695e6 e-con-full e-flex e-con e-child\" data-id=\"83695e6\" data-element_type=\"container\" data-e-type=\"container\">\n\t\t\t\t<div class=\"elementor-element elementor-element-a2e0fe2 elementor-widget elementor-widget-text-editor\" data-id=\"a2e0fe2\" data-element_type=\"widget\" data-e-type=\"widget\" data-widget_type=\"text-editor.default\">\n\t\t\t\t<div class=\"elementor-widget-container\">\n\t\t\t\t\t\t\t\t\tLes organisations r\u00e9fl\u00e9chissent \u00e0 la mani\u00e8re de favoriser des cha\u00eenes d&#8217;approvisionnement plus r\u00e9silientes gr\u00e2ce \u00e0 des achats responsables :\n\n\t\t\t\t\t\t\t\t<\/div>\n\t\t\t\t<\/div>\n\t\t\t\t<div class=\"elementor-element elementor-element-f8112ad elementor-widget elementor-widget-text-editor\" data-id=\"f8112ad\" data-element_type=\"widget\" data-e-type=\"widget\" data-widget_type=\"text-editor.default\">\n\t\t\t\t<div class=\"elementor-widget-container\">\n\t\t\t\t\t\t\t\t\t<ul><li>60 % des responsables de la cha\u00eene d&#8217;approvisionnement prennent des mesures pour r\u00e9gionaliser leurs cha\u00eenes d&#8217;approvisionnement<\/li><li>&gt; 70 % des entreprises citent les achats comme l&#8217;un des trois principaux moteurs de leur programme de d\u00e9veloppement durable, contre 63 % en 2021<\/li><li>80 % des dirigeants indiquent que les programmes de d\u00e9veloppement durable ont contribu\u00e9 \u00e0 la r\u00e9duction des co\u00fbts en r\u00e9ponse aux perturbations<\/li><\/ul>\t\t\t\t\t\t\t\t<\/div>\n\t\t\t\t<\/div>\n\t\t\t\t<div class=\"elementor-element elementor-element-c7c1295 elementor-widget elementor-widget-image\" data-id=\"c7c1295\" data-element_type=\"widget\" data-e-type=\"widget\" data-widget_type=\"image.default\">\n\t\t\t\t<div class=\"elementor-widget-container\">\n\t\t\t\t\t\t\t\t\t\t\t\t\t\t\t<img decoding=\"async\" width=\"1000\" height=\"750\" src=\"https:\/\/content-lead.com\/Lead\/wp-content\/uploads\/2025\/07\/c4034d46-getting-started-with-more-responsible-procurement-2025-ca-fr-page-0001_10rs0ku000000000000000.jpg\" class=\"attachment-full size-full wp-image-10723\" alt=\"\" srcset=\"https:\/\/content-lead.com\/Lead\/wp-content\/uploads\/2025\/07\/c4034d46-getting-started-with-more-responsible-procurement-2025-ca-fr-page-0001_10rs0ku000000000000000.jpg 1000w, https:\/\/content-lead.com\/Lead\/wp-content\/uploads\/2025\/07\/c4034d46-getting-started-with-more-responsible-procurement-2025-ca-fr-page-0001_10rs0ku000000000000000-300x225.jpg 300w, https:\/\/content-lead.com\/Lead\/wp-content\/uploads\/2025\/07\/c4034d46-getting-started-with-more-responsible-procurement-2025-ca-fr-page-0001_10rs0ku000000000000000-768x576.jpg 768w\" sizes=\"(max-width: 1000px) 100vw, 1000px\" \/>\t\t\t\t\t\t\t\t\t\t\t\t\t\t\t<\/div>\n\t\t\t\t<\/div>\n\t\t\t\t<\/div>\n\t\t<div class=\"elementor-element elementor-element-152b453 e-con-full form-box e-flex e-con e-child\" data-id=\"152b453\" data-element_type=\"container\" data-e-type=\"container\">\n\t\t\t\t<div class=\"elementor-element elementor-element-4d34f4a elementor-widget elementor-widget-heading\" data-id=\"4d34f4a\" data-element_type=\"widget\" data-e-type=\"widget\" data-widget_type=\"heading.default\">\n\t\t\t\t<div class=\"elementor-widget-container\">\n\t\t\t\t\t<h2 class=\"elementor-heading-title elementor-size-default\">Remplissez le formulaire ci-dessous\n\n\n\n<\/h2>\t\t\t\t<\/div>\n\t\t\t\t<\/div>\n\t\t\t\t<div class=\"elementor-element elementor-element-f77a239 elementor-widget elementor-widget-html\" data-id=\"f77a239\" data-element_type=\"widget\" data-e-type=\"widget\" data-widget_type=\"html.default\">\n\t\t\t\t<div class=\"elementor-widget-container\">\n\t\t\t\t\t<script type=\"text\/javascript\">var gform;gform||(document.addEventListener(\"gform_main_scripts_loaded\",function(){gform.scriptsLoaded=!0}),window.addEventListener(\"DOMContentLoaded\",function(){gform.domLoaded=!0}),gform={domLoaded:!1,scriptsLoaded:!1,initializeOnLoaded:function(o){gform.domLoaded&&gform.scriptsLoaded?o():!gform.domLoaded&&gform.scriptsLoaded?window.addEventListener(\"DOMContentLoaded\",o):document.addEventListener(\"gform_main_scripts_loaded\",o)},hooks:{action:{},filter:{}},addAction:function(o,n,r,t){gform.addHook(\"action\",o,n,r,t)},addFilter:function(o,n,r,t){gform.addHook(\"filter\",o,n,r,t)},doAction:function(o){gform.doHook(\"action\",o,arguments)},applyFilters:function(o){return gform.doHook(\"filter\",o,arguments)},removeAction:function(o,n){gform.removeHook(\"action\",o,n)},removeFilter:function(o,n,r){gform.removeHook(\"filter\",o,n,r)},addHook:function(o,n,r,t,i){null==gform.hooks[o][n]&&(gform.hooks[o][n]=[]);var e=gform.hooks[o][n];null==i&&(i=n+\"_\"+e.length),gform.hooks[o][n].push({tag:i,callable:r,priority:t=null==t?10:t})},doHook:function(n,o,r){var t;if(r=Array.prototype.slice.call(r,1),null!=gform.hooks[n][o]&&((o=gform.hooks[n][o]).sort(function(o,n){return o.priority-n.priority}),o.forEach(function(o){\"function\"!=typeof(t=o.callable)&&(t=window[t]),\"action\"==n?t.apply(null,r):r[0]=t.apply(null,r)})),\"filter\"==n)return r[0]},removeHook:function(o,n,t,i){var r;null!=gform.hooks[o][n]&&(r=(r=gform.hooks[o][n]).filter(function(o,n,r){return!!(null!=i&&i!=o.tag||null!=t&&t!=o.priority)}),gform.hooks[o][n]=r)}});<\/script>\n                <div class='gf_browser_gecko gform_wrapper gravity-theme' id='gform_wrapper_757' >\n                        <div class='gform_heading'>\n                            <span class='gform_description'><\/span>\n                        <\/div><form method='post' enctype='multipart\/form-data'  id='gform_757'  action='\/Lead\/wp-json\/wp\/v2\/pages\/10720' novalidate>\n                        <div class='gform_body gform-body'><div id='gform_fields_757' class='gform_fields top_label form_sublabel_below description_below'><div id=\"field_757_1\"  class=\"gfield gfield_contains_required field_sublabel_below field_description_below hidden_label gfield_visibility_visible\"  data-js-reload=\"field_757_1\"><label class='gfield_label' for='input_757_1' >First Name<span class=\"gfield_required\"><span class=\"gfield_required gfield_required_text\">*<\/span><\/span><\/label><div class='ginput_container ginput_container_text'><input name='input_1' id='input_757_1' type='text' value='' class='large'    placeholder='Pr\u00e9nom' aria-required=\"true\" aria-invalid=\"false\"   \/> <\/div><\/div><div id=\"field_757_3\"  class=\"gfield gfield--width-full gfield_contains_required field_sublabel_below field_description_below hidden_label gfield_visibility_visible\"  data-js-reload=\"field_757_3\"><label class='gfield_label' for='input_757_3' >Last Name<span class=\"gfield_required\"><span class=\"gfield_required gfield_required_text\">*<\/span><\/span><\/label><div class='ginput_container ginput_container_text'><input name='input_3' id='input_757_3' type='text' value='' class='large'    placeholder='Nom de famille' aria-required=\"true\" aria-invalid=\"false\"   \/> <\/div><\/div><div id=\"field_757_4\"  class=\"gfield gfield--width-full gfield_contains_required field_sublabel_below field_description_below hidden_label gfield_visibility_visible\"  data-js-reload=\"field_757_4\"><label class='gfield_label' for='input_757_4' >Business Email Address<span class=\"gfield_required\"><span class=\"gfield_required gfield_required_text\">*<\/span><\/span><\/label><div class='ginput_container ginput_container_email'>\n                            <input name='input_4' id='input_757_4' type='email' value='' class='large'   placeholder='Adresse \u00e9lectronique professionnelle' aria-required=\"true\" aria-invalid=\"false\"  \/>\n                        <\/div><\/div><div id=\"field_757_17\"  class=\"gfield gfield--width-full gfield_contains_required field_sublabel_below field_description_below hidden_label gfield_visibility_visible\"  data-js-reload=\"field_757_17\"><label class='gfield_label' for='input_757_17' >Company Name<span class=\"gfield_required\"><span class=\"gfield_required gfield_required_text\">*<\/span><\/span><\/label><div class='ginput_container ginput_container_text'><input name='input_17' id='input_757_17' type='text' value='' class='large'    placeholder='Nom de l&#039;entreprise' aria-required=\"true\" aria-invalid=\"false\"   \/> <\/div><\/div><div id=\"field_757_38\"  class=\"gfield gfield--width-full gfield_contains_required field_sublabel_below field_description_below hidden_label gfield_visibility_visible\"  data-js-reload=\"field_757_38\"><label class='gfield_label' for='input_757_38' >Phone Number<span class=\"gfield_required\"><span class=\"gfield_required gfield_required_text\">*<\/span><\/span><\/label><div class='ginput_container ginput_container_phone'><input name='input_38' id='input_757_38' type='tel' value='' class='large'  placeholder='Num\u00e9ro de t\u00e9l\u00e9phone' aria-required=\"true\" aria-invalid=\"false\"   \/><\/div><\/div><div id=\"field_757_50\"  class=\"gfield gfield--width-full gfield_contains_required field_sublabel_below field_description_below hidden_label gfield_visibility_visible\"  data-js-reload=\"field_757_50\"><label class='gfield_label' for='input_757_50' >Job Title<span class=\"gfield_required\"><span class=\"gfield_required gfield_required_text\">*<\/span><\/span><\/label><div class='ginput_container ginput_container_text'><input name='input_50' id='input_757_50' type='text' value='' class='large'    placeholder='Titre d&#039;emploi' aria-required=\"true\" aria-invalid=\"false\"   \/> <\/div><\/div><fieldset id=\"field_757_51\"  class=\"gfield gfield--width-full field_sublabel_below field_description_below hidden_label gfield_visibility_visible\"  data-js-reload=\"field_757_51\"><legend class='gfield_label gfield_label_before_complex'  >consent<\/legend><div class='ginput_container ginput_container_checkbox'><div class='gfield_checkbox' id='input_757_51'><div class='gchoice gchoice_757_51_1'>\n\t\t\t\t\t\t\t\t<input class='gfield-choice-input' name='input_51.1' type='checkbox'  value='En remplissant ce formulaire, j&#039;accepte de recevoir par e-mail des informations d&#039;Amazon Business concernant ses services, \u00e9v\u00e9nements et offres sp\u00e9ciales.'  id='choice_757_51_1'   \/>\n\t\t\t\t\t\t\t\t<label for='choice_757_51_1' id='label_757_51_1'>En remplissant ce formulaire, j'accepte de recevoir par e-mail des informations d'Amazon Business concernant ses services, \u00e9v\u00e9nements et offres sp\u00e9ciales.<\/label>\n\t\t\t\t\t\t\t<\/div><\/div><\/div><\/fieldset><fieldset id=\"field_757_52\"  class=\"gfield gfield--width-full field_sublabel_below field_description_below hidden_label gfield_visibility_visible\"  data-js-reload=\"field_757_52\"><legend class='gfield_label gfield_label_before_complex'  >consent<\/legend><div class='ginput_container ginput_container_checkbox'><div class='gfield_checkbox' id='input_757_52'><div class='gchoice gchoice_757_52_1'>\n\t\t\t\t\t\t\t\t<input class='gfield-choice-input' name='input_52.1' type='checkbox'  value='Vous pouvez vous d\u00e9sabonner \u00e0 tout moment en suivant les instructions figurant dans les communications re\u00e7ues. Vos informations seront trait\u00e9es conform\u00e9ment \u00e0 la &lt;a href=&quot;https:\/\/www.amazon.com\/gp\/help\/customer\/display.html?nodeId=GX7NJQ4ZB8MHFRNJ&amp;ref_=b2b_reg_evt_bcwbnr&quot; style=&quot;color: #0000ff&quot; target=&quot;_blank&quot;&gt;&lt;u&gt;Avis de confidentialit\u00e9 d&#039;Amazon Business&lt;\/u&gt;&lt;\/a&gt;.'  id='choice_757_52_1'   \/>\n\t\t\t\t\t\t\t\t<label for='choice_757_52_1' id='label_757_52_1'>Vous pouvez vous d\u00e9sabonner \u00e0 tout moment en suivant les instructions figurant dans les communications re\u00e7ues. Vos informations seront trait\u00e9es conform\u00e9ment \u00e0 la <a href=\"https:\/\/www.amazon.com\/gp\/help\/customer\/display.html?nodeId=GX7NJQ4ZB8MHFRNJ&ref_=b2b_reg_evt_bcwbnr\" style=\"color: #0000ff;\" target=\"_blank\"><u>Avis de confidentialit\u00e9 d'Amazon Business<\/u><\/a>.<\/label>\n\t\t\t\t\t\t\t<\/div><\/div><\/div><\/fieldset><\/div><\/div>\n        <div class='gform_footer top_label'> <input type='submit' id='gform_submit_button_757' class='gform_button button' value='T\u00c9L\u00c9CHARGER MAINTENANT'  onclick='if(window[\"gf_submitting_757\"]){return false;}  if( !jQuery(\"#gform_757\")[0].checkValidity || jQuery(\"#gform_757\")[0].checkValidity()){window[\"gf_submitting_757\"]=true;}  ' onkeypress='if( event.keyCode == 13 ){ if(window[\"gf_submitting_757\"]){return false;} if( !jQuery(\"#gform_757\")[0].checkValidity || jQuery(\"#gform_757\")[0].checkValidity()){window[\"gf_submitting_757\"]=true;}  jQuery(\"#gform_757\").trigger(\"submit\",[true]); }' \/> \n            <input type='hidden' class='gform_hidden' name='is_submit_757' value='1' \/>\n            <input type='hidden' class='gform_hidden' name='gform_submit' value='757' \/>\n            \n            <input type='hidden' class='gform_hidden' name='gform_unique_id' value='' \/>\n            <input type='hidden' class='gform_hidden' name='state_757' value='WyJbXSIsIjJiYWUwYzZhNjk2MDRhODNjMmUzMWJhMWI4NmQ5MTNjIl0=' \/>\n            <input type='hidden' class='gform_hidden' name='gform_target_page_number_757' id='gform_target_page_number_757' value='0' \/>\n            <input type='hidden' class='gform_hidden' name='gform_source_page_number_757' id='gform_source_page_number_757' value='1' \/>\n            <input type='hidden' name='gform_field_values' value='' \/>\n            \n        <\/div>\n                        <\/form>\n                        <\/div>\t\t\t\t<\/div>\n\t\t\t\t<\/div>\n\t\t\t\t<\/div>\n\t\t\t\t\t<\/div>\n\t\t\t\t<\/div>\n\t\t<div class=\"elementor-element elementor-element-7d4a51b e-flex e-con-boxed e-con e-parent\" data-id=\"7d4a51b\" data-element_type=\"container\" data-e-type=\"container\" data-settings=\"{&quot;background_background&quot;:&quot;classic&quot;}\">\n\t\t\t\t\t<div class=\"e-con-inner\">\n\t\t\t\t<div class=\"elementor-element elementor-element-1b550f6 elementor-widget elementor-widget-text-editor\" data-id=\"1b550f6\" data-element_type=\"widget\" data-e-type=\"widget\" data-widget_type=\"text-editor.default\">\n\t\t\t\t<div class=\"elementor-widget-container\">\n\t\t\t\t\t\t\t\t\t<p>Copyright \u00a9 2024 Content Lead, All Rights Reserved.<\/p>\t\t\t\t\t\t\t\t<\/div>\n\t\t\t\t<\/div>\n\t\t\t\t\t<\/div>\n\t\t\t\t<\/div>\n\t\t\t\t<\/div>\n\t\t","protected":false},"excerpt":{"rendered":"<p>D\u00e9marrer avec un approvisionnement encore plus responsable Les organisations r\u00e9fl\u00e9chissent \u00e0 la mani\u00e8re de favoriser des cha\u00eenes d&#8217;approvisionnement plus r\u00e9silientes gr\u00e2ce \u00e0 des achats responsables : 60 % des responsables de la cha\u00eene d&#8217;approvisionnement prennent des mesures pour r\u00e9gionaliser leurs cha\u00eenes d&#8217;approvisionnement &gt; 70 % des entreprises citent les achats comme l&#8217;un des trois principaux [&hellip;]<\/p>\n","protected":false},"author":1,"featured_media":0,"parent":0,"menu_order":0,"comment_status":"closed","ping_status":"closed","template":"","meta":{"_acf_changed":false,"footnotes":""},"language":[],"class_list":["post-10720","page","type-page","status-publish","hentry"],"acf":[],"_links":{"self":[{"href":"https:\/\/content-lead.com\/Lead\/wp-json\/wp\/v2\/pages\/10720","targetHints":{"allow":["GET"]}}],"collection":[{"href":"https:\/\/content-lead.com\/Lead\/wp-json\/wp\/v2\/pages"}],"about":[{"href":"https:\/\/content-lead.com\/Lead\/wp-json\/wp\/v2\/types\/page"}],"author":[{"embeddable":true,"href":"https:\/\/content-lead.com\/Lead\/wp-json\/wp\/v2\/users\/1"}],"replies":[{"embeddable":true,"href":"https:\/\/content-lead.com\/Lead\/wp-json\/wp\/v2\/comments?post=10720"}],"version-history":[{"count":4,"href":"https:\/\/content-lead.com\/Lead\/wp-json\/wp\/v2\/pages\/10720\/revisions"}],"predecessor-version":[{"id":10728,"href":"https:\/\/content-lead.com\/Lead\/wp-json\/wp\/v2\/pages\/10720\/revisions\/10728"}],"wp:attachment":[{"href":"https:\/\/content-lead.com\/Lead\/wp-json\/wp\/v2\/media?parent=10720"}],"wp:term":[{"taxonomy":"language","embeddable":true,"href":"https:\/\/content-lead.com\/Lead\/wp-json\/wp\/v2\/language?post=10720"}],"curies":[{"name":"wp","href":"https:\/\/api.w.org\/{rel}","templated":true}]}}